{"id":20,"date":"2023-08-02T09:44:39","date_gmt":"2023-08-02T14:44:39","guid":{"rendered":"http:\/\/catastro.6te.net\/?page_id=20"},"modified":"2023-12-23T15:07:48","modified_gmt":"2023-12-23T20:07:48","slug":"normativa","status":"publish","type":"page","link":"https:\/\/catastro.6te.net\/index.php\/normativa\/","title":{"rendered":"Normativa"},"content":{"rendered":"<p>Normativa disponible:<\/p>\n<h2><a href=\"https:\/\/sncp.gob.pe\/\" target=\"_blank\" rel=\"noopener\">Sistema Nacional Integrado de informaci\u00f3n Catatral Predial- Per\u00fa-SNCP<\/a><\/h2>\n<ul>\n<li>\n<h3><a href=\"https:\/\/sncp.gob.pe\/cat_doc\/convenios\/\" target=\"_blank\" rel=\"noopener\">Convenios<\/a><\/h3>\n<\/li>\n<\/ul>\n<p style=\"padding-left: 30px;\">Aprueban el Modelo de Convenio Interinstitucional<br \/>\n30\/05\/2012 &#8211; In Convenios , Modelos de Convenios<br \/>\nVer documento<\/p>\n<ul>\n<li>\n<h3><a href=\"https:\/\/sncp.gob.pe\/cat_doc\/documentos-sncp\/\" target=\"_blank\" rel=\"noopener\">Documentos SNCP<\/a><\/h3>\n<\/li>\n<\/ul>\n<p style=\"padding-left: 30px;\">Decreto Legislativo que modifica la ley N\u00ba 28294<br \/>\n29\/11\/2022 &#8211; In Documentos SNCP<br \/>\nVer documento<\/p>\n<p style=\"padding-left: 30px;\">Crean el Sistema Nacional Integrado de Informaci\u00f3n Catastral Predial<br \/>\n29\/11\/2022 &#8211; In Documentos SNCP<br \/>\nVer documento<\/p>\n<p style=\"padding-left: 30px;\">Aprueban el Reglamento de la Ley que crea el Sistema Nacional Integrado de Catastro y su vinculaci\u00f3n con el Registro de Predios<br \/>\n29\/11\/2022 &#8211; In Documentos SNCP<br \/>\nVer documento<\/p>\n<p style=\"padding-left: 30px;\">Aprueban las Pol\u00edticas y Principios Catastrales del SNCP<br \/>\n29\/11\/2022 &#8211; In Documentos SNCP<br \/>\nVer documento<\/p>\n<p style=\"padding-left: 30px;\">Ley N\u00b0 29951 Ley de Presupuesto del Sector P\u00fablico para el a\u00f1o Fiscal 2013 que designa a Cofopri como Secretaria T\u00e9cnica del SNCP<br \/>\n29\/11\/2022 &#8211; In Documentos SNCP<br \/>\nVer documento<\/p>\n<p style=\"padding-left: 30px;\">Modifican el Art. 3 de la Ley N\u00b0 28294, Ley que crea el Sistema Nacional Integrado de Catastro Predial y su vinculaci\u00f3n con el Registro de Predios<br \/>\n29\/11\/2022 &#8211; In Documentos SNCP<br \/>\nVer documento<\/p>\n<p style=\"padding-left: 30px;\">Decreto supremo que modifica el reglamento de la ley Nro 28294<br \/>\n30\/03\/2018 &#8211; In Documentos SNCP<br \/>\nVer documento<\/p>\n<p style=\"padding-left: 30px;\">Disposiciones para el desarrollo y consolidaci\u00f3n del catastro urbano nacional<br \/>\n23\/07\/2018 &#8211; In Documentos SNCP<br \/>\nVer documento<\/p>\n<p style=\"padding-left: 30px;\">Inmatriculaci\u00f3n de predios de propiedad privada en el registro de predios<br \/>\n23\/09\/2015 &#8211; In Documentos SNCP<br \/>\nVer documento<\/p>\n<p style=\"padding-left: 30px;\">Ley que modifica los art\u00edculos 3 y 7 de la ley 28294<br \/>\n29\/11\/2022 &#8211; In Documentos SNCP<br \/>\nVer documento<\/p>\n<ul>\n<li>\n<h3><a href=\"https:\/\/sncp.gob.pe\/cat_doc\/modelos-de-convenios\/\" target=\"_blank\" rel=\"noopener\">Modelos de Convenios<\/a><\/h3>\n<\/li>\n<\/ul>\n<p style=\"padding-left: 30px;\">Aprueban el Modelo de Convenio Interinstitucional<br \/>\n30\/05\/2012 &#8211; In Convenios , Modelos de Convenios<br \/>\nVer documento<\/p>\n<ul>\n<li>\n<h3><a href=\"https:\/\/sncp.gob.pe\/cat_doc\/normas-tecnicas\/\" target=\"_blank\" rel=\"noopener\">Normas T\u00e9cnicas<\/a><\/h3>\n<\/li>\n<\/ul>\n<p style=\"padding-left: 30px;\">Aprueban la modificaci\u00f3n del \u201cFormato de Solicitud Inscripci\u00f3n en el Indice de Verificador Catastral\u201d<br \/>\n29\/11\/2022 &#8211; In Normas T\u00e9cnicas , Verificador Catastral<br \/>\nVer documento<\/p>\n<p style=\"padding-left: 30px;\">LEY N\u00b0 30230 Ampl\u00eda competencia del Verificador Catastral<br \/>\n29\/11\/2022 &#8211; In Normas T\u00e9cnicas , Verificador Catastral<br \/>\nVer documento<\/p>\n<p style=\"padding-left: 30px;\">Aprueban modificaci\u00f3n de la Directiva N\u00b0 01-2010-SNCP\/CNC del Reglamento del \u00cdndice del Verificador Catastral<br \/>\n29\/11\/2022 &#8211; In Normas T\u00e9cnicas , Verificador Catastral<br \/>\nVer documento<\/p>\n<p style=\"padding-left: 30px;\">Aprueban la modificaci\u00f3n del Reglamento del Verificador Catastral y del formato de Solicitud de Inscripci\u00f3n al \u00cdndice del Verificador Castastral<br \/>\n29\/11\/2022 &#8211; In Normas T\u00e9cnicas , Verificador Catastral<br \/>\nVer documento<\/p>\n<p style=\"padding-left: 30px;\">Decreto Supremo N\u00b0 019-2015-Vivienda<br \/>\n29\/11\/2022 &#8211; In Normas T\u00e9cnicas , Verificador Catastral<br \/>\nVer documento<\/p>\n<p style=\"padding-left: 30px;\">Decreto Legislativo N\u00b0 1330<br \/>\n29\/11\/2022 &#8211; In Normas T\u00e9cnicas , Verificador Catastral<br \/>\nVer documento<\/p>\n<p style=\"padding-left: 30px;\">Decreto Legislativo N\u00b0 1209<br \/>\n29\/11\/2022 &#8211; In Normas T\u00e9cnicas , Verificador Catastral<br \/>\nVer documento<\/p>\n<p style=\"padding-left: 30px;\">Tolerancias Catastrales y Registrales<br \/>\n29\/08\/2018 &#8211; In Normas T\u00e9cnicas , Tolerancias Catastrales<br \/>\nVer documento<\/p>\n<p style=\"padding-left: 30px;\">Decreto Legislativo N\u00b0 1192<br \/>\n29\/11\/2022 &#8211; In Normas T\u00e9cnicas , Verificador Catastral<br \/>\nVer documento<\/p>\n<p style=\"padding-left: 30px;\">Aprueban la Directiva Reglamento del \u00cdndice de Verificador Catastral<br \/>\n29\/11\/2022 &#8211; In Normas T\u00e9cnicas , Verificador Catastral<br \/>\nVer documento<\/p>\n<p style=\"padding-left: 30px;\">Resoluci\u00f3n N\u00b0 002-2021-SNCP-CNC<br \/>\n29\/11\/2022 &#8211; In Normas T\u00e9cnicas , Verificador Catastral<br \/>\nVer documento<\/p>\n<p style=\"padding-left: 30px;\">Aprueban la modificaci\u00f3n de la Directiva del Reglamento del \u00cdndice de Verificador Catastral<br \/>\n29\/11\/2022 &#8211; In Normas T\u00e9cnicas , Verificador Catastral<br \/>\nVer documento<\/p>\n<p style=\"padding-left: 30px;\">Modifican el Art\u00b0 3, literal a) de la Directiva del Reglamento del \u00cdndice del Verificador Catastral<br \/>\n29\/11\/2022 &#8211; In Normas T\u00e9cnicas , Verificador Catastral<br \/>\nVer documento<\/p>\n<h3 style=\"padding-left: 30px;\"><a href=\"https:\/\/sncp.gob.pe\/cat_doc\/tolerancias-catastrales\/\" target=\"_blank\" rel=\"noopener\">Tolerancias Catastrales<\/a><\/h3>\n<p style=\"padding-left: 30px;\">Tolerancias Catastrales y Registrales<br \/>\n29\/08\/2018 &#8211; In Normas T\u00e9cnicas , Tolerancias Catastrales<br \/>\nVer documento<\/p>\n<ul>\n<li>\n<h3><a href=\"https:\/\/sncp.gob.pe\/cat_doc\/verificador-catastral\/\" target=\"_blank\" rel=\"noopener\">Verificador Catastral<\/a><\/h3>\n<\/li>\n<\/ul>\n<p style=\"padding-left: 30px;\">LEY N\u00b0 30230 Ampl\u00eda competencia del Verificador Catastral<br \/>\n29\/11\/2022 &#8211; In Normas T\u00e9cnicas , Verificador Catastral<br \/>\nVer documento<\/p>\n<p style=\"padding-left: 30px;\">Aprueban modificaci\u00f3n de la Directiva N\u00b0 01-2010-SNCP\/CNC del Reglamento del \u00cdndice del Verificador Catastral<br \/>\n29\/11\/2022 &#8211; In Normas T\u00e9cnicas , Verificador Catastral<br \/>\nVer documento<\/p>\n<p style=\"padding-left: 30px;\">Aprueban la modificaci\u00f3n del Reglamento del Verificador Catastral y del formato de Solicitud de Inscripci\u00f3n al \u00cdndice del Verificador Castastral<br \/>\n29\/11\/2022 &#8211; In Normas T\u00e9cnicas , Verificador Catastral<br \/>\nVer documento<\/p>\n<p style=\"padding-left: 30px;\">Decreto Supremo N\u00b0 019-2015-Vivienda<br \/>\n29\/11\/2022 &#8211; In Normas T\u00e9cnicas , Verificador Catastral<br \/>\nVer documento<\/p>\n<p style=\"padding-left: 30px;\">Decreto Legislativo N\u00b0 1330<br \/>\n29\/11\/2022 &#8211; In Normas T\u00e9cnicas , Verificador Catastral<br \/>\nVer documento<\/p>\n<p style=\"padding-left: 30px;\">Decreto Legislativo N\u00b0 1209<br \/>\n29\/11\/2022 &#8211; In Normas T\u00e9cnicas , Verificador Catastral<br \/>\nVer documento<\/p>\n<p style=\"padding-left: 30px;\">Decreto Legislativo N\u00b0 1192<br \/>\n29\/11\/2022 &#8211; In Normas T\u00e9cnicas , Verificador Catastral<br \/>\nVer documento<\/p>\n<p style=\"padding-left: 30px;\">Aprueban la Directiva Reglamento del \u00cdndice de Verificador Catastral<br \/>\n29\/11\/2022 &#8211; In Normas T\u00e9cnicas , Verificador Catastral<br \/>\nVer documento<\/p>\n<p style=\"padding-left: 30px;\">Resoluci\u00f3n N\u00b0 002-2021-SNCP-CNC<br \/>\n29\/11\/2022 &#8211; In Normas T\u00e9cnicas , Verificador Catastral<br \/>\nVer documento<\/p>\n<p style=\"padding-left: 30px;\">Aprueban la modificaci\u00f3n de la Directiva del Reglamento del \u00cdndice de Verificador Catastral<br \/>\n29\/11\/2022 &#8211; In Normas T\u00e9cnicas , Verificador Catastral<\/p>\n<p style=\"padding-left: 30px;\">Modifican el Art\u00b0 3, literal a) de la Directiva del Reglamento del \u00cdndice del Verificador Catastral<br \/>\n29\/11\/2022 &#8211; In Normas T\u00e9cnicas , Verificador Catastral<br \/>\nVer documento<\/p>\n<p style=\"padding-left: 30px;\">Aprueban la modificaci\u00f3n del \u201cFormato de Solicitud Inscripci\u00f3n en el Indice de Verificador Catastral\u201d<br \/>\n29\/11\/2022 &#8211; In Normas T\u00e9cnicas , Verificador Catastral<br \/>\nVer documento<\/p>\n","protected":false},"excerpt":{"rendered":"<p>Normativa disponible: Sistema Nacional Integrado de informaci\u00f3n Catatral Predial- Per\u00fa-SNCP Convenios Aprueban el Modelo de Convenio Interinstitucional 30\/05\/2012 &#8211; In Convenios , Modelos de Convenios Ver documento Documentos SNCP Decreto Legislativo que modifica la ley N\u00ba 28294 29\/11\/2022 &#8211; In Documentos SNCP Ver documento Crean el Sistema Nacional Integrado de Informaci\u00f3n Catastral Predial 29\/11\/2022 &#8211; &hellip;<\/p>\n<p class=\"read-more\"> <a class=\"\" href=\"https:\/\/catastro.6te.net\/index.php\/normativa\/\"> <span class=\"screen-reader-text\">Normativa<\/span> Read More &raquo;<\/a><\/p>\n","protected":false},"author":1,"featured_media":0,"parent":0,"menu_order":0,"comment_status":"closed","ping_status":"closed","template":"","meta":{"site-sidebar-layout":"default","site-content-layout":"","ast-site-content-layout":"default","site-content-style":"default","site-sidebar-style":"default","ast-global-header-display":"","ast-banner-title-visibility":"","ast-main-header-display":"","ast-hfb-above-header-display":"","ast-hfb-below-header-display":"","ast-hfb-mobile-header-display":"","site-post-title":"","ast-breadcrumbs-content":"","ast-featured-img":"","footer-sml-layout":"","theme-transparent-header-meta":"default","adv-header-id-meta":"","stick-header-meta":"","header-above-stick-meta":"","header-main-stick-meta":"","header-below-stick-meta":"","astra-migrate-meta-layouts":"set","ast-page-background-enabled":"default","ast-page-background-meta":{"desktop":{"background-color":"var(--ast-global-color-4)","background-image":"","background-repeat":"repeat","background-position":"center center","background-size":"auto","background-attachment":"scroll","background-type":"","background-media":"","overlay-type":"","overlay-color":"","overlay-gradient":""},"tablet":{"background-color":"","background-image":"","background-repeat":"repeat","background-position":"center center","background-size":"auto","background-attachment":"scroll","background-type":"","background-media":"","overlay-type":"","overlay-color":"","overlay-gradient":""},"mobile":{"background-color":"","background-image":"","background-repeat":"repeat","background-position":"center center","background-size":"auto","background-attachment":"scroll","background-type":"","background-media":"","overlay-type":"","overlay-color":"","overlay-gradient":""}},"ast-content-background-meta":{"desktop":{"background-color":"var(--ast-global-color-5)","background-image":"","background-repeat":"repeat","background-position":"center center","background-size":"auto","background-attachment":"scroll","background-type":"","background-media":"","overlay-type":"","overlay-color":"","overlay-gradient":""},"tablet":{"background-color":"var(--ast-global-color-5)","background-image":"","background-repeat":"repeat","background-position":"center center","background-size":"auto","background-attachment":"scroll","background-type":"","background-media":"","overlay-type":"","overlay-color":"","overlay-gradient":""},"mobile":{"background-color":"var(--ast-global-color-5)","background-image":"","background-repeat":"repeat","background-position":"center center","background-size":"auto","background-attachment":"scroll","background-type":"","background-media":"","overlay-type":"","overlay-color":"","overlay-gradient":""}},"footnotes":"","_joinchat":[]},"_links":{"self":[{"href":"https:\/\/catastro.6te.net\/index.php\/wp-json\/wp\/v2\/pages\/20"}],"collection":[{"href":"https:\/\/catastro.6te.net\/index.php\/wp-json\/wp\/v2\/pages"}],"about":[{"href":"https:\/\/catastro.6te.net\/index.php\/wp-json\/wp\/v2\/types\/page"}],"author":[{"embeddable":true,"href":"https:\/\/catastro.6te.net\/index.php\/wp-json\/wp\/v2\/users\/1"}],"replies":[{"embeddable":true,"href":"https:\/\/catastro.6te.net\/index.php\/wp-json\/wp\/v2\/comments?post=20"}],"version-history":[{"count":7,"href":"https:\/\/catastro.6te.net\/index.php\/wp-json\/wp\/v2\/pages\/20\/revisions"}],"predecessor-version":[{"id":278,"href":"https:\/\/catastro.6te.net\/index.php\/wp-json\/wp\/v2\/pages\/20\/revisions\/278"}],"wp:attachment":[{"href":"https:\/\/catastro.6te.net\/index.php\/wp-json\/wp\/v2\/media?parent=20"}],"curies":[{"name":"wp","href":"https:\/\/api.w.org\/{rel}","templated":true}]}}