{"id":200,"date":"2023-12-23T12:53:09","date_gmt":"2023-12-23T17:53:09","guid":{"rendered":"https:\/\/catastro.6te.net\/?page_id=200"},"modified":"2025-10-27T16:16:26","modified_gmt":"2025-10-27T21:16:26","slug":"encontrar-un-verificador","status":"publish","type":"page","link":"https:\/\/catastro.6te.net\/index.php\/encontrar-un-verificador\/","title":{"rendered":"Encontrar un Verificador"},"content":{"rendered":"\t\t<div data-elementor-type=\"wp-page\" data-elementor-id=\"200\" class=\"elementor elementor-200\">\n\t\t\t\t\t\t\t<div class=\"elementor-element elementor-element-39b1e04e e-flex e-con-boxed e-con e-parent\" data-id=\"39b1e04e\" data-element_type=\"container\" data-settings=\"{&quot;content_width&quot;:&quot;boxed&quot;}\" data-core-v316-plus=\"true\">\n\t\t\t\t\t<div class=\"e-con-inner\">\n\t\t\t\t<div class=\"elementor-element elementor-element-58155bcb elementor-widget elementor-widget-text-editor\" data-id=\"58155bcb\" data-element_type=\"widget\" data-widget_type=\"text-editor.default\">\n\t\t\t\t<div class=\"elementor-widget-container\">\n\t\t\t<style>\/*! elementor - v3.18.0 - 20-12-2023 *\/\n.elementor-widget-text-editor.elementor-drop-cap-view-stacked .elementor-drop-cap{background-color:#69727d;color:#fff}.elementor-widget-text-editor.elementor-drop-cap-view-framed .elementor-drop-cap{color:#69727d;border:3px solid;background-color:transparent}.elementor-widget-text-editor:not(.elementor-drop-cap-view-default) .elementor-drop-cap{margin-top:8px}.elementor-widget-text-editor:not(.elementor-drop-cap-view-default) .elementor-drop-cap-letter{width:1em;height:1em}.elementor-widget-text-editor .elementor-drop-cap{float:left;text-align:center;line-height:1;font-size:50px}.elementor-widget-text-editor .elementor-drop-cap-letter{display:inline-block}<\/style>\t\t\t\t<p style=\"text-align: center;\">Ubica el departamento o regi\u00f3n donde te encuentras actualmente.<\/p>\t\t\t\t\t\t<\/div>\n\t\t\t\t<\/div>\n\t\t\t\t\t<\/div>\n\t\t\t\t<\/div>\n\t\t<div class=\"elementor-element elementor-element-0dab0e4 e-flex e-con-boxed e-con e-parent\" data-id=\"0dab0e4\" data-element_type=\"container\" data-settings=\"{&quot;content_width&quot;:&quot;boxed&quot;}\" data-core-v316-plus=\"true\">\n\t\t\t\t\t<div class=\"e-con-inner\">\n\t\t<div class=\"elementor-element elementor-element-8210207 e-con-full e-flex e-con e-child\" data-id=\"8210207\" data-element_type=\"container\" data-settings=\"{&quot;content_width&quot;:&quot;full&quot;}\">\n\t\t\t\t<div class=\"elementor-element elementor-element-ed64b3a elementor-widget elementor-widget-text-editor\" data-id=\"ed64b3a\" data-element_type=\"widget\" data-widget_type=\"text-editor.default\">\n\t\t\t\t<div class=\"elementor-widget-container\">\n\t\t\t\t\t\t\t<p><strong>01. <a href=\"https:\/\/catastro.6te.net\/index.php\/amazonas\/\">Amazonas<\/a><\/strong><\/p><p><strong>02. <a href=\"https:\/\/catastro.6te.net\/index.php\/ancash\/\">\u00c1ncash<\/a> (1)<\/strong><\/p><p><strong>03. <a href=\"https:\/\/catastro.6te.net\/index.php\/apurimac\/\">Apur\u00edmac<\/a><\/strong><\/p><p><strong>04. <a href=\"https:\/\/catastro.6te.net\/index.php\/arequipa\/\">Arequipa<\/a><\/strong><\/p><p><strong>05. <a href=\"https:\/\/catastro.6te.net\/index.php\/ayacucho\/\">Ayacucho<\/a><\/strong> <strong>(1)<\/strong><\/p><p><strong>06. <a href=\"https:\/\/catastro.6te.net\/index.php\/cajamarca\/\">Cajamarca<\/a><\/strong> <strong>(1)<\/strong><\/p><p><strong>07. <a href=\"https:\/\/catastro.6te.net\/index.php\/cusco\/\">Cusco<\/a><\/strong><\/p><p><strong>08. <a href=\"https:\/\/catastro.6te.net\/index.php\/huancavelica\/\">Huancavelica<\/a><\/strong><\/p>\t\t\t\t\t\t<\/div>\n\t\t\t\t<\/div>\n\t\t\t\t<\/div>\n\t\t<div class=\"elementor-element elementor-element-e1f5ead e-con-full e-flex e-con e-child\" data-id=\"e1f5ead\" data-element_type=\"container\" data-settings=\"{&quot;content_width&quot;:&quot;full&quot;}\">\n\t\t\t\t<div class=\"elementor-element elementor-element-09d24b2 elementor-widget elementor-widget-text-editor\" data-id=\"09d24b2\" data-element_type=\"widget\" data-widget_type=\"text-editor.default\">\n\t\t\t\t<div class=\"elementor-widget-container\">\n\t\t\t\t\t\t\t<p><strong>09. <a href=\"https:\/\/catastro.6te.net\/index.php\/huanuco\/\">Hu\u00e1nuco<\/a><\/strong><\/p><p><strong>10. <a href=\"https:\/\/catastro.6te.net\/index.php\/ica\/\">Ica<\/a> (1)<\/strong><\/p><p><strong>11. <a href=\"https:\/\/catastro.6te.net\/index.php\/junin\/\">Jun\u00edn<\/a><\/strong><\/p><p><strong>12. <a href=\"https:\/\/catastro.6te.net\/index.php\/la-libertad\/\">La Libertad<\/a><\/strong><\/p><p><strong>13. <a href=\"https:\/\/catastro.6te.net\/index.php\/lambayeque\/\">Lambayeque<\/a><\/strong><\/p><p><strong>14. <a href=\"https:\/\/catastro.6te.net\/index.php\/lima\/\">Lima<\/a> (3)<\/strong><\/p><p><strong>15. <a href=\"https:\/\/catastro.6te.net\/index.php\/loreto\/\">Loreto<\/a><\/strong><\/p><p><strong>16. <a href=\"https:\/\/catastro.6te.net\/index.php\/madre-de-dios\/\">Madre de Dios<\/a><\/strong><\/p>\t\t\t\t\t\t<\/div>\n\t\t\t\t<\/div>\n\t\t\t\t<\/div>\n\t\t<div class=\"elementor-element elementor-element-f635bf2 e-con-full e-flex e-con e-child\" data-id=\"f635bf2\" data-element_type=\"container\" data-settings=\"{&quot;content_width&quot;:&quot;full&quot;}\">\n\t\t\t\t<div class=\"elementor-element elementor-element-da0c227 elementor-widget elementor-widget-text-editor\" data-id=\"da0c227\" data-element_type=\"widget\" data-widget_type=\"text-editor.default\">\n\t\t\t\t<div class=\"elementor-widget-container\">\n\t\t\t\t\t\t\t<p><strong>17. <a href=\"https:\/\/catastro.6te.net\/index.php\/moquegua\/\">Moquegua<\/a><\/strong><\/p><p><strong>18. <a href=\"https:\/\/catastro.6te.net\/index.php\/pasco\/\">Pasco<\/a><\/strong><\/p><p><strong>19. <a href=\"https:\/\/catastro.6te.net\/index.php\/piura\/\">Piura<\/a><\/strong><\/p><p><strong>20. <a href=\"https:\/\/catastro.6te.net\/index.php\/puno\/\">Puno<\/a><\/strong><\/p><p><strong>21. <a href=\"https:\/\/catastro.6te.net\/index.php\/san-martin\/\">San Mart\u00edn<\/a><\/strong> <strong>(1)<\/strong><\/p><p><strong>22. <a href=\"https:\/\/catastro.6te.net\/index.php\/tacna\/\">Tacna<\/a><\/strong><\/p><p><strong>23. <a href=\"https:\/\/catastro.6te.net\/index.php\/tumbes\/\">Tumbes<\/a><\/strong><\/p><p><strong>24. <a href=\"https:\/\/catastro.6te.net\/index.php\/ucayali\/\">Ucayali<\/a><\/strong> <strong>(1)<\/strong><\/p>\t\t\t\t\t\t<\/div>\n\t\t\t\t<\/div>\n\t\t\t\t<\/div>\n\t\t\t\t\t<\/div>\n\t\t\t\t<\/div>\n\t\t\t\t\t\t\t<\/div>\n\t\t","protected":false},"excerpt":{"rendered":"<p>Ubica el departamento o regi\u00f3n donde te encuentras actualmente. 01. Amazonas 02. \u00c1ncash (1) 03. Apur\u00edmac 04. Arequipa 05. Ayacucho (1) 06. Cajamarca (1) 07. Cusco 08. Huancavelica 09. Hu\u00e1nuco 10. Ica (1) 11. Jun\u00edn 12. La Libertad 13. Lambayeque 14. Lima (3) 15. Loreto 16. Madre de Dios 17. Moquegua 18. Pasco 19. Piura &hellip;<\/p>\n<p class=\"read-more\"> <a class=\"\" href=\"https:\/\/catastro.6te.net\/index.php\/encontrar-un-verificador\/\"> <span class=\"screen-reader-text\">Encontrar un Verificador<\/span> Read More &raquo;<\/a><\/p>\n","protected":false},"author":1,"featured_media":0,"parent":0,"menu_order":0,"comment_status":"closed","ping_status":"closed","template":"elementor_header_footer","meta":{"site-sidebar-layout":"default","site-content-layout":"","ast-site-content-layout":"default","site-content-style":"default","site-sidebar-style":"default","ast-global-header-display":"","ast-banner-title-visibility":"","ast-main-header-display":"","ast-hfb-above-header-display":"","ast-hfb-below-header-display":"","ast-hfb-mobile-header-display":"","site-post-title":"","ast-breadcrumbs-content":"","ast-featured-img":"","footer-sml-layout":"","theme-transparent-header-meta":"default","adv-header-id-meta":"","stick-header-meta":"","header-above-stick-meta":"","header-main-stick-meta":"","header-below-stick-meta":"","astra-migrate-meta-layouts":"set","ast-page-background-enabled":"default","ast-page-background-meta":{"desktop":{"background-color":"var(--ast-global-color-4)","background-image":"","background-repeat":"repeat","background-position":"center center","background-size":"auto","background-attachment":"scroll","background-type":"","background-media":"","overlay-type":"","overlay-color":"","overlay-gradient":""},"tablet":{"background-color":"","background-image":"","background-repeat":"repeat","background-position":"center center","background-size":"auto","background-attachment":"scroll","background-type":"","background-media":"","overlay-type":"","overlay-color":"","overlay-gradient":""},"mobile":{"background-color":"","background-image":"","background-repeat":"repeat","background-position":"center center","background-size":"auto","background-attachment":"scroll","background-type":"","background-media":"","overlay-type":"","overlay-color":"","overlay-gradient":""}},"ast-content-background-meta":{"desktop":{"background-color":"var(--ast-global-color-5)","background-image":"","background-repeat":"repeat","background-position":"center center","background-size":"auto","background-attachment":"scroll","background-type":"","background-media":"","overlay-type":"","overlay-color":"","overlay-gradient":""},"tablet":{"background-color":"var(--ast-global-color-5)","background-image":"","background-repeat":"repeat","background-position":"center center","background-size":"auto","background-attachment":"scroll","background-type":"","background-media":"","overlay-type":"","overlay-color":"","overlay-gradient":""},"mobile":{"background-color":"var(--ast-global-color-5)","background-image":"","background-repeat":"repeat","background-position":"center center","background-size":"auto","background-attachment":"scroll","background-type":"","background-media":"","overlay-type":"","overlay-color":"","overlay-gradient":""}},"footnotes":"","_joinchat":[]},"_links":{"self":[{"href":"https:\/\/catastro.6te.net\/index.php\/wp-json\/wp\/v2\/pages\/200"}],"collection":[{"href":"https:\/\/catastro.6te.net\/index.php\/wp-json\/wp\/v2\/pages"}],"about":[{"href":"https:\/\/catastro.6te.net\/index.php\/wp-json\/wp\/v2\/types\/page"}],"author":[{"embeddable":true,"href":"https:\/\/catastro.6te.net\/index.php\/wp-json\/wp\/v2\/users\/1"}],"replies":[{"embeddable":true,"href":"https:\/\/catastro.6te.net\/index.php\/wp-json\/wp\/v2\/comments?post=200"}],"version-history":[{"count":69,"href":"https:\/\/catastro.6te.net\/index.php\/wp-json\/wp\/v2\/pages\/200\/revisions"}],"predecessor-version":[{"id":2105,"href":"https:\/\/catastro.6te.net\/index.php\/wp-json\/wp\/v2\/pages\/200\/revisions\/2105"}],"wp:attachment":[{"href":"https:\/\/catastro.6te.net\/index.php\/wp-json\/wp\/v2\/media?parent=200"}],"curies":[{"name":"wp","href":"https:\/\/api.w.org\/{rel}","templated":true}]}}