{"id":206,"date":"2023-12-23T13:00:52","date_gmt":"2023-12-23T18:00:52","guid":{"rendered":"https:\/\/catastro.6te.net\/?page_id=206"},"modified":"2025-02-07T21:16:25","modified_gmt":"2025-02-08T02:16:25","slug":"arequipa","status":"publish","type":"page","link":"https:\/\/catastro.6te.net\/index.php\/arequipa\/","title":{"rendered":"Arequipa"},"content":{"rendered":"\t\t<div data-elementor-type=\"wp-page\" data-elementor-id=\"206\" class=\"elementor elementor-206\">\n\t\t\t\t\t\t\t<div class=\"elementor-element elementor-element-7cde25ce e-flex e-con-boxed e-con e-parent\" data-id=\"7cde25ce\" data-element_type=\"container\" data-settings=\"{&quot;content_width&quot;:&quot;boxed&quot;}\" data-core-v316-plus=\"true\">\n\t\t\t\t\t<div class=\"e-con-inner\">\n\t\t\t\t<div class=\"elementor-element elementor-element-4b6bc134 elementor-widget elementor-widget-text-editor\" data-id=\"4b6bc134\" data-element_type=\"widget\" data-widget_type=\"text-editor.default\">\n\t\t\t\t<div class=\"elementor-widget-container\">\n\t\t\t<style>\/*! elementor - v3.18.0 - 20-12-2023 *\/\n.elementor-widget-text-editor.elementor-drop-cap-view-stacked .elementor-drop-cap{background-color:#69727d;color:#fff}.elementor-widget-text-editor.elementor-drop-cap-view-framed .elementor-drop-cap{color:#69727d;border:3px solid;background-color:transparent}.elementor-widget-text-editor:not(.elementor-drop-cap-view-default) .elementor-drop-cap{margin-top:8px}.elementor-widget-text-editor:not(.elementor-drop-cap-view-default) .elementor-drop-cap-letter{width:1em;height:1em}.elementor-widget-text-editor .elementor-drop-cap{float:left;text-align:center;line-height:1;font-size:50px}.elementor-widget-text-editor .elementor-drop-cap-letter{display:inline-block}<\/style>\t\t\t\t<h5 style=\"text-align: center;\">Verificadores disponibles en el departamento de Arequipa<\/h5>\t\t\t\t\t\t<\/div>\n\t\t\t\t<\/div>\n\t\t\t\t\t<\/div>\n\t\t\t\t<\/div>\n\t\t<div class=\"elementor-element elementor-element-07bd99a e-flex e-con-boxed e-con e-parent\" data-id=\"07bd99a\" data-element_type=\"container\" data-settings=\"{&quot;background_background&quot;:&quot;classic&quot;,&quot;content_width&quot;:&quot;boxed&quot;}\" data-core-v316-plus=\"true\">\n\t\t\t\t\t<div class=\"e-con-inner\">\n\t\t<div class=\"elementor-element elementor-element-9ddb347 e-con-full e-flex e-con e-child\" data-id=\"9ddb347\" data-element_type=\"container\" data-settings=\"{&quot;content_width&quot;:&quot;full&quot;}\">\n\t\t\t\t<div class=\"elementor-element elementor-element-9587157 elementor-widget elementor-widget-html\" data-id=\"9587157\" data-element_type=\"widget\" data-widget_type=\"html.default\">\n\t\t\t\t<div class=\"elementor-widget-container\">\n\t\t\t<img decoding=\"async\" src=\"https:\/\/blogger.googleusercontent.com\/img\/b\/R29vZ2xl\/AVvXsEjDVWlw0MMPQoiKD-pRu1-m5nnHhew5zb3_HkHXsS1YZXCkNeYLye2PbORDIXlY9tLMjiTgFsQ0pr47YcoxbqkvJIkjjAIDcNLpCM7F6bqpyn70brOoNHjocLE2mGhW_rHgrQdY5I6P7sf7WiaahMTZVyy8vj7VcAan8L65uy6O8JhsOXsUN3HpULwoVYk\/s768\/Leonardo_Diffusion_XL_Una_ilustracin_digital_de_un_gran_saln_c_1%20(4).jpg\">\t\t<\/div>\n\t\t\t\t<\/div>\n\t\t\t\t<div class=\"elementor-element elementor-element-2f09d00 elementor-widget elementor-widget-heading\" data-id=\"2f09d00\" data-element_type=\"widget\" data-widget_type=\"heading.default\">\n\t\t\t\t<div class=\"elementor-widget-container\">\n\t\t\t<style>\/*! elementor - v3.18.0 - 20-12-2023 *\/\n.elementor-heading-title{padding:0;margin:0;line-height:1}.elementor-widget-heading .elementor-heading-title[class*=elementor-size-]>a{color:inherit;font-size:inherit;line-height:inherit}.elementor-widget-heading .elementor-heading-title.elementor-size-small{font-size:15px}.elementor-widget-heading .elementor-heading-title.elementor-size-medium{font-size:19px}.elementor-widget-heading .elementor-heading-title.elementor-size-large{font-size:29px}.elementor-widget-heading .elementor-heading-title.elementor-size-xl{font-size:39px}.elementor-widget-heading .elementor-heading-title.elementor-size-xxl{font-size:59px}<\/style><h5 class=\"elementor-heading-title elementor-size-default\"><a href=\"https:\/\/catastro.6te.net\/index.php\/arequipa\/alberto-diaz\/\">Alberto D\u00edaz<\/a><\/h5>\t\t<\/div>\n\t\t\t\t<\/div>\n\t\t\t\t<\/div>\n\t\t<div class=\"elementor-element elementor-element-dfd4cc3 e-con-full e-flex e-con e-child\" data-id=\"dfd4cc3\" data-element_type=\"container\" data-settings=\"{&quot;content_width&quot;:&quot;full&quot;}\">\n\t\t\t\t<div class=\"elementor-element elementor-element-e15e744 elementor-widget elementor-widget-html\" data-id=\"e15e744\" data-element_type=\"widget\" data-widget_type=\"html.default\">\n\t\t\t\t<div class=\"elementor-widget-container\">\n\t\t\t<img decoding=\"async\" src=\"https:\/\/blogger.googleusercontent.com\/img\/b\/R29vZ2xl\/AVvXsEhtEqXckbNGS4yFpumDulkXYPyJBT0BDxr5OM5vA5H_bu0j09Be1o7L5Iw5004Fz0vhmwW1Lups-OmQzonWKgx8FlIcJ-vPJCwUeSisj3rkhHSM1JN6P89tCDSZiV0i4yu3Z9jhHbIHOtl0LiI8F77gDraA4m_Xh3pslvDfNWWr_kH6bNA2QQpvO1t2pQo\/s768\/Leonardo_Diffusion_XL_Una_ilustracin_digital_de_un_gran_saln_c_2%20(1).jpg\">\t\t<\/div>\n\t\t\t\t<\/div>\n\t\t\t\t<div class=\"elementor-element elementor-element-d6b165d elementor-widget elementor-widget-heading\" data-id=\"d6b165d\" data-element_type=\"widget\" data-widget_type=\"heading.default\">\n\t\t\t\t<div class=\"elementor-widget-container\">\n\t\t\t<h5 class=\"elementor-heading-title elementor-size-default\"><a href=\"https:\/\/catastro.6te.net\/index.php\/arequipa\/javier-cabanillas\/\">Javier Cabanillas<\/a><\/h5>\t\t<\/div>\n\t\t\t\t<\/div>\n\t\t\t\t<\/div>\n\t\t<div class=\"elementor-element elementor-element-df4b491 e-con-full e-flex e-con e-child\" data-id=\"df4b491\" data-element_type=\"container\" data-settings=\"{&quot;content_width&quot;:&quot;full&quot;}\">\n\t\t\t\t<div class=\"elementor-element elementor-element-d83dd8c elementor-widget elementor-widget-html\" data-id=\"d83dd8c\" data-element_type=\"widget\" data-widget_type=\"html.default\">\n\t\t\t\t<div class=\"elementor-widget-container\">\n\t\t\t<img decoding=\"async\" src=\"https:\/\/blogger.googleusercontent.com\/img\/b\/R29vZ2xl\/AVvXsEiRsSGS_DhmXjD7xNTqByeM19ff3DZwzt9-igTT5RHrXUwu_C-sk7-tR1-mlnYeQUGFDfgUAHelhDVN6v9oVpe5UaX1l_GAdFqleUYMIzgwEMfD4I9w4DCwH9fZMzfJ10LcKhgl89OtGta41W0lMNm3-2zFEuKhMmZskLoOBQGobFBIAy2QhXor-gyzQJ4\/s768\/Leonardo_Diffusion_XL_Una_ilustracin_digital_de_un_gran_saln_c_0%20(3).jpg\">\t\t<\/div>\n\t\t\t\t<\/div>\n\t\t\t\t<div class=\"elementor-element elementor-element-d8cbfdb elementor-widget elementor-widget-heading\" data-id=\"d8cbfdb\" data-element_type=\"widget\" data-widget_type=\"heading.default\">\n\t\t\t\t<div class=\"elementor-widget-container\">\n\t\t\t<h5 class=\"elementor-heading-title elementor-size-default\"><a href=\"https:\/\/catastro.6te.net\/index.php\/arequipa\/alberto-diaz\/\">Carlos Arteaga<\/a><\/h5>\t\t<\/div>\n\t\t\t\t<\/div>\n\t\t\t\t<\/div>\n\t\t<div class=\"elementor-element elementor-element-fcd2449 e-con-full e-flex e-con e-child\" data-id=\"fcd2449\" data-element_type=\"container\" data-settings=\"{&quot;content_width&quot;:&quot;full&quot;}\">\n\t\t\t\t<div class=\"elementor-element elementor-element-349bc14 elementor-widget elementor-widget-html\" data-id=\"349bc14\" data-element_type=\"widget\" data-widget_type=\"html.default\">\n\t\t\t\t<div class=\"elementor-widget-container\">\n\t\t\t<img decoding=\"async\" src=\"https:\/\/blogger.googleusercontent.com\/img\/b\/R29vZ2xl\/AVvXsEjDVWlw0MMPQoiKD-pRu1-m5nnHhew5zb3_HkHXsS1YZXCkNeYLye2PbORDIXlY9tLMjiTgFsQ0pr47YcoxbqkvJIkjjAIDcNLpCM7F6bqpyn70brOoNHjocLE2mGhW_rHgrQdY5I6P7sf7WiaahMTZVyy8vj7VcAan8L65uy6O8JhsOXsUN3HpULwoVYk\/s768\/Leonardo_Diffusion_XL_Una_ilustracin_digital_de_un_gran_saln_c_1%20(4).jpg\">\t\t<\/div>\n\t\t\t\t<\/div>\n\t\t\t\t<div class=\"elementor-element elementor-element-60f7cb5 elementor-widget elementor-widget-heading\" data-id=\"60f7cb5\" data-element_type=\"widget\" data-widget_type=\"heading.default\">\n\t\t\t\t<div class=\"elementor-widget-container\">\n\t\t\t<h5 class=\"elementor-heading-title elementor-size-default\"><a href=\"https:\/\/catastro.6te.net\/index.php\/arequipa\/alberto-diaz\/\">Anibal Razuri<\/a><\/h5>\t\t<\/div>\n\t\t\t\t<\/div>\n\t\t\t\t<\/div>\n\t\t<div class=\"elementor-element elementor-element-7064bb0 e-con-full e-flex e-con e-child\" data-id=\"7064bb0\" data-element_type=\"container\" data-settings=\"{&quot;content_width&quot;:&quot;full&quot;}\">\n\t\t\t\t<div class=\"elementor-element elementor-element-196fe43 elementor-widget elementor-widget-html\" data-id=\"196fe43\" data-element_type=\"widget\" data-widget_type=\"html.default\">\n\t\t\t\t<div class=\"elementor-widget-container\">\n\t\t\t<img decoding=\"async\" src=\"https:\/\/blogger.googleusercontent.com\/img\/b\/R29vZ2xl\/AVvXsEjDVWlw0MMPQoiKD-pRu1-m5nnHhew5zb3_HkHXsS1YZXCkNeYLye2PbORDIXlY9tLMjiTgFsQ0pr47YcoxbqkvJIkjjAIDcNLpCM7F6bqpyn70brOoNHjocLE2mGhW_rHgrQdY5I6P7sf7WiaahMTZVyy8vj7VcAan8L65uy6O8JhsOXsUN3HpULwoVYk\/s768\/Leonardo_Diffusion_XL_Una_ilustracin_digital_de_un_gran_saln_c_1%20(4).jpg\">\t\t<\/div>\n\t\t\t\t<\/div>\n\t\t\t\t<div class=\"elementor-element elementor-element-87c4bbd elementor-widget elementor-widget-heading\" data-id=\"87c4bbd\" data-element_type=\"widget\" data-widget_type=\"heading.default\">\n\t\t\t\t<div class=\"elementor-widget-container\">\n\t\t\t<h5 class=\"elementor-heading-title elementor-size-default\"><a href=\"https:\/\/catastro.6te.net\/index.php\/arequipa\/alberto-diaz\/\">Juan Asencio<\/a><\/h5>\t\t<\/div>\n\t\t\t\t<\/div>\n\t\t\t\t<\/div>\n\t\t<div class=\"elementor-element elementor-element-94c6267 e-con-full e-flex e-con e-child\" data-id=\"94c6267\" data-element_type=\"container\" data-settings=\"{&quot;content_width&quot;:&quot;full&quot;}\">\n\t\t\t\t<div class=\"elementor-element elementor-element-4a95854 elementor-widget elementor-widget-html\" data-id=\"4a95854\" data-element_type=\"widget\" data-widget_type=\"html.default\">\n\t\t\t\t<div class=\"elementor-widget-container\">\n\t\t\t<img decoding=\"async\" src=\"https:\/\/blogger.googleusercontent.com\/img\/b\/R29vZ2xl\/AVvXsEjDVWlw0MMPQoiKD-pRu1-m5nnHhew5zb3_HkHXsS1YZXCkNeYLye2PbORDIXlY9tLMjiTgFsQ0pr47YcoxbqkvJIkjjAIDcNLpCM7F6bqpyn70brOoNHjocLE2mGhW_rHgrQdY5I6P7sf7WiaahMTZVyy8vj7VcAan8L65uy6O8JhsOXsUN3HpULwoVYk\/s768\/Leonardo_Diffusion_XL_Una_ilustracin_digital_de_un_gran_saln_c_1%20(4).jpg\">\t\t<\/div>\n\t\t\t\t<\/div>\n\t\t\t\t<div class=\"elementor-element elementor-element-267e3df elementor-widget elementor-widget-heading\" data-id=\"267e3df\" data-element_type=\"widget\" data-widget_type=\"heading.default\">\n\t\t\t\t<div class=\"elementor-widget-container\">\n\t\t\t<h5 class=\"elementor-heading-title elementor-size-default\"><a href=\"https:\/\/catastro.6te.net\/index.php\/arequipa\/alberto-diaz\/\">Efrain Quispe<\/a><\/h5>\t\t<\/div>\n\t\t\t\t<\/div>\n\t\t\t\t<\/div>\n\t\t<div class=\"elementor-element elementor-element-697a7f0 e-con-full e-flex e-con e-child\" data-id=\"697a7f0\" data-element_type=\"container\" data-settings=\"{&quot;content_width&quot;:&quot;full&quot;}\">\n\t\t\t\t<div class=\"elementor-element elementor-element-df6f90f elementor-widget elementor-widget-html\" data-id=\"df6f90f\" data-element_type=\"widget\" data-widget_type=\"html.default\">\n\t\t\t\t<div class=\"elementor-widget-container\">\n\t\t\t<img decoding=\"async\" src=\"https:\/\/blogger.googleusercontent.com\/img\/b\/R29vZ2xl\/AVvXsEjDVWlw0MMPQoiKD-pRu1-m5nnHhew5zb3_HkHXsS1YZXCkNeYLye2PbORDIXlY9tLMjiTgFsQ0pr47YcoxbqkvJIkjjAIDcNLpCM7F6bqpyn70brOoNHjocLE2mGhW_rHgrQdY5I6P7sf7WiaahMTZVyy8vj7VcAan8L65uy6O8JhsOXsUN3HpULwoVYk\/s768\/Leonardo_Diffusion_XL_Una_ilustracin_digital_de_un_gran_saln_c_1%20(4).jpg\">\t\t<\/div>\n\t\t\t\t<\/div>\n\t\t\t\t<div class=\"elementor-element elementor-element-6f5dbfb elementor-widget elementor-widget-heading\" data-id=\"6f5dbfb\" data-element_type=\"widget\" data-widget_type=\"heading.default\">\n\t\t\t\t<div class=\"elementor-widget-container\">\n\t\t\t<h5 class=\"elementor-heading-title elementor-size-default\"><a href=\"https:\/\/catastro.6te.net\/index.php\/arequipa\/alberto-diaz\/\">Amadeo Mamani<\/a><\/h5>\t\t<\/div>\n\t\t\t\t<\/div>\n\t\t\t\t<\/div>\n\t\t<div class=\"elementor-element elementor-element-3a8bcf7 e-con-full e-flex e-con e-child\" data-id=\"3a8bcf7\" data-element_type=\"container\" data-settings=\"{&quot;content_width&quot;:&quot;full&quot;}\">\n\t\t\t\t<div class=\"elementor-element elementor-element-cd1b1de elementor-widget elementor-widget-html\" data-id=\"cd1b1de\" data-element_type=\"widget\" data-widget_type=\"html.default\">\n\t\t\t\t<div class=\"elementor-widget-container\">\n\t\t\t<img decoding=\"async\" src=\"https:\/\/blogger.googleusercontent.com\/img\/b\/R29vZ2xl\/AVvXsEjDVWlw0MMPQoiKD-pRu1-m5nnHhew5zb3_HkHXsS1YZXCkNeYLye2PbORDIXlY9tLMjiTgFsQ0pr47YcoxbqkvJIkjjAIDcNLpCM7F6bqpyn70brOoNHjocLE2mGhW_rHgrQdY5I6P7sf7WiaahMTZVyy8vj7VcAan8L65uy6O8JhsOXsUN3HpULwoVYk\/s768\/Leonardo_Diffusion_XL_Una_ilustracin_digital_de_un_gran_saln_c_1%20(4).jpg\">\t\t<\/div>\n\t\t\t\t<\/div>\n\t\t\t\t<div class=\"elementor-element elementor-element-066f29e elementor-widget elementor-widget-heading\" data-id=\"066f29e\" data-element_type=\"widget\" data-widget_type=\"heading.default\">\n\t\t\t\t<div class=\"elementor-widget-container\">\n\t\t\t<h5 class=\"elementor-heading-title elementor-size-default\"><a href=\"https:\/\/catastro.6te.net\/index.php\/arequipa\/alberto-diaz\/\">Alberto D\u00edaz<\/a><\/h5>\t\t<\/div>\n\t\t\t\t<\/div>\n\t\t\t\t<\/div>\n\t\t<div class=\"elementor-element elementor-element-0376f0a e-con-full e-flex e-con e-child\" data-id=\"0376f0a\" data-element_type=\"container\" data-settings=\"{&quot;content_width&quot;:&quot;full&quot;}\">\n\t\t\t\t<div class=\"elementor-element elementor-element-05a36aa elementor-widget elementor-widget-html\" data-id=\"05a36aa\" data-element_type=\"widget\" data-widget_type=\"html.default\">\n\t\t\t\t<div class=\"elementor-widget-container\">\n\t\t\t<img decoding=\"async\" src=\"https:\/\/blogger.googleusercontent.com\/img\/b\/R29vZ2xl\/AVvXsEjDVWlw0MMPQoiKD-pRu1-m5nnHhew5zb3_HkHXsS1YZXCkNeYLye2PbORDIXlY9tLMjiTgFsQ0pr47YcoxbqkvJIkjjAIDcNLpCM7F6bqpyn70brOoNHjocLE2mGhW_rHgrQdY5I6P7sf7WiaahMTZVyy8vj7VcAan8L65uy6O8JhsOXsUN3HpULwoVYk\/s768\/Leonardo_Diffusion_XL_Una_ilustracin_digital_de_un_gran_saln_c_1%20(4).jpg\">\t\t<\/div>\n\t\t\t\t<\/div>\n\t\t\t\t<div class=\"elementor-element elementor-element-728a6ee elementor-widget elementor-widget-heading\" data-id=\"728a6ee\" data-element_type=\"widget\" data-widget_type=\"heading.default\">\n\t\t\t\t<div class=\"elementor-widget-container\">\n\t\t\t<h5 class=\"elementor-heading-title elementor-size-default\"><a href=\"https:\/\/catastro.6te.net\/index.php\/arequipa\/alberto-diaz\/\">Alberto D\u00edaz<\/a><\/h5>\t\t<\/div>\n\t\t\t\t<\/div>\n\t\t\t\t<\/div>\n\t\t<div class=\"elementor-element elementor-element-944bcf7 e-con-full e-flex e-con e-child\" data-id=\"944bcf7\" data-element_type=\"container\" data-settings=\"{&quot;content_width&quot;:&quot;full&quot;}\">\n\t\t\t\t<div class=\"elementor-element elementor-element-d93ff22 elementor-widget elementor-widget-html\" data-id=\"d93ff22\" data-element_type=\"widget\" data-widget_type=\"html.default\">\n\t\t\t\t<div class=\"elementor-widget-container\">\n\t\t\t<img decoding=\"async\" src=\"https:\/\/blogger.googleusercontent.com\/img\/b\/R29vZ2xl\/AVvXsEjDVWlw0MMPQoiKD-pRu1-m5nnHhew5zb3_HkHXsS1YZXCkNeYLye2PbORDIXlY9tLMjiTgFsQ0pr47YcoxbqkvJIkjjAIDcNLpCM7F6bqpyn70brOoNHjocLE2mGhW_rHgrQdY5I6P7sf7WiaahMTZVyy8vj7VcAan8L65uy6O8JhsOXsUN3HpULwoVYk\/s768\/Leonardo_Diffusion_XL_Una_ilustracin_digital_de_un_gran_saln_c_1%20(4).jpg\">\t\t<\/div>\n\t\t\t\t<\/div>\n\t\t\t\t<div class=\"elementor-element elementor-element-2a88fcc elementor-widget elementor-widget-heading\" data-id=\"2a88fcc\" data-element_type=\"widget\" data-widget_type=\"heading.default\">\n\t\t\t\t<div class=\"elementor-widget-container\">\n\t\t\t<h5 class=\"elementor-heading-title elementor-size-default\"><a href=\"https:\/\/catastro.6te.net\/index.php\/arequipa\/alberto-diaz\/\">Alberto D\u00edaz<\/a><\/h5>\t\t<\/div>\n\t\t\t\t<\/div>\n\t\t\t\t<\/div>\n\t\t<div class=\"elementor-element elementor-element-c04b338 e-con-full e-flex e-con e-child\" data-id=\"c04b338\" data-element_type=\"container\" data-settings=\"{&quot;content_width&quot;:&quot;full&quot;}\">\n\t\t\t\t<div class=\"elementor-element elementor-element-b051d4b elementor-widget elementor-widget-html\" data-id=\"b051d4b\" data-element_type=\"widget\" data-widget_type=\"html.default\">\n\t\t\t\t<div class=\"elementor-widget-container\">\n\t\t\t<img decoding=\"async\" src=\"https:\/\/blogger.googleusercontent.com\/img\/b\/R29vZ2xl\/AVvXsEjDVWlw0MMPQoiKD-pRu1-m5nnHhew5zb3_HkHXsS1YZXCkNeYLye2PbORDIXlY9tLMjiTgFsQ0pr47YcoxbqkvJIkjjAIDcNLpCM7F6bqpyn70brOoNHjocLE2mGhW_rHgrQdY5I6P7sf7WiaahMTZVyy8vj7VcAan8L65uy6O8JhsOXsUN3HpULwoVYk\/s768\/Leonardo_Diffusion_XL_Una_ilustracin_digital_de_un_gran_saln_c_1%20(4).jpg\">\t\t<\/div>\n\t\t\t\t<\/div>\n\t\t\t\t<div class=\"elementor-element elementor-element-b8947d9 elementor-widget elementor-widget-heading\" data-id=\"b8947d9\" data-element_type=\"widget\" data-widget_type=\"heading.default\">\n\t\t\t\t<div class=\"elementor-widget-container\">\n\t\t\t<h5 class=\"elementor-heading-title elementor-size-default\"><a href=\"https:\/\/catastro.6te.net\/index.php\/arequipa\/alberto-diaz\/\">Alberto D\u00edaz<\/a><\/h5>\t\t<\/div>\n\t\t\t\t<\/div>\n\t\t\t\t<\/div>\n\t\t<div class=\"elementor-element elementor-element-0805f0c e-con-full e-flex e-con e-child\" data-id=\"0805f0c\" data-element_type=\"container\" data-settings=\"{&quot;content_width&quot;:&quot;full&quot;}\">\n\t\t\t\t<div class=\"elementor-element elementor-element-82911cb elementor-widget elementor-widget-html\" data-id=\"82911cb\" data-element_type=\"widget\" data-widget_type=\"html.default\">\n\t\t\t\t<div class=\"elementor-widget-container\">\n\t\t\t<img decoding=\"async\" src=\"https:\/\/blogger.googleusercontent.com\/img\/b\/R29vZ2xl\/AVvXsEjDVWlw0MMPQoiKD-pRu1-m5nnHhew5zb3_HkHXsS1YZXCkNeYLye2PbORDIXlY9tLMjiTgFsQ0pr47YcoxbqkvJIkjjAIDcNLpCM7F6bqpyn70brOoNHjocLE2mGhW_rHgrQdY5I6P7sf7WiaahMTZVyy8vj7VcAan8L65uy6O8JhsOXsUN3HpULwoVYk\/s768\/Leonardo_Diffusion_XL_Una_ilustracin_digital_de_un_gran_saln_c_1%20(4).jpg\">\t\t<\/div>\n\t\t\t\t<\/div>\n\t\t\t\t<div class=\"elementor-element elementor-element-b99ff46 elementor-widget elementor-widget-heading\" data-id=\"b99ff46\" data-element_type=\"widget\" data-widget_type=\"heading.default\">\n\t\t\t\t<div class=\"elementor-widget-container\">\n\t\t\t<h5 class=\"elementor-heading-title elementor-size-default\"><a href=\"https:\/\/catastro.6te.net\/index.php\/arequipa\/alberto-diaz\/\">Alberto D\u00edaz<\/a><\/h5>\t\t<\/div>\n\t\t\t\t<\/div>\n\t\t\t\t<\/div>\n\t\t<div class=\"elementor-element elementor-element-dfe7e77 e-con-full e-flex e-con e-child\" data-id=\"dfe7e77\" data-element_type=\"container\" data-settings=\"{&quot;content_width&quot;:&quot;full&quot;}\">\n\t\t\t\t<div class=\"elementor-element elementor-element-5bde52b elementor-widget elementor-widget-html\" data-id=\"5bde52b\" data-element_type=\"widget\" data-widget_type=\"html.default\">\n\t\t\t\t<div class=\"elementor-widget-container\">\n\t\t\t<img decoding=\"async\" src=\"https:\/\/blogger.googleusercontent.com\/img\/b\/R29vZ2xl\/AVvXsEjDVWlw0MMPQoiKD-pRu1-m5nnHhew5zb3_HkHXsS1YZXCkNeYLye2PbORDIXlY9tLMjiTgFsQ0pr47YcoxbqkvJIkjjAIDcNLpCM7F6bqpyn70brOoNHjocLE2mGhW_rHgrQdY5I6P7sf7WiaahMTZVyy8vj7VcAan8L65uy6O8JhsOXsUN3HpULwoVYk\/s768\/Leonardo_Diffusion_XL_Una_ilustracin_digital_de_un_gran_saln_c_1%20(4).jpg\">\t\t<\/div>\n\t\t\t\t<\/div>\n\t\t\t\t<div class=\"elementor-element elementor-element-6a245bd elementor-widget elementor-widget-heading\" data-id=\"6a245bd\" data-element_type=\"widget\" data-widget_type=\"heading.default\">\n\t\t\t\t<div class=\"elementor-widget-container\">\n\t\t\t<h5 class=\"elementor-heading-title elementor-size-default\"><a href=\"https:\/\/catastro.6te.net\/index.php\/arequipa\/alberto-diaz\/\">Alberto D\u00edaz<\/a><\/h5>\t\t<\/div>\n\t\t\t\t<\/div>\n\t\t\t\t<\/div>\n\t\t<div class=\"elementor-element elementor-element-8e1cd47 e-con-full e-flex e-con e-child\" data-id=\"8e1cd47\" data-element_type=\"container\" data-settings=\"{&quot;content_width&quot;:&quot;full&quot;}\">\n\t\t\t\t<div class=\"elementor-element elementor-element-01dc20a elementor-widget elementor-widget-html\" data-id=\"01dc20a\" data-element_type=\"widget\" data-widget_type=\"html.default\">\n\t\t\t\t<div class=\"elementor-widget-container\">\n\t\t\t<img decoding=\"async\" src=\"https:\/\/blogger.googleusercontent.com\/img\/b\/R29vZ2xl\/AVvXsEjDVWlw0MMPQoiKD-pRu1-m5nnHhew5zb3_HkHXsS1YZXCkNeYLye2PbORDIXlY9tLMjiTgFsQ0pr47YcoxbqkvJIkjjAIDcNLpCM7F6bqpyn70brOoNHjocLE2mGhW_rHgrQdY5I6P7sf7WiaahMTZVyy8vj7VcAan8L65uy6O8JhsOXsUN3HpULwoVYk\/s768\/Leonardo_Diffusion_XL_Una_ilustracin_digital_de_un_gran_saln_c_1%20(4).jpg\">\t\t<\/div>\n\t\t\t\t<\/div>\n\t\t\t\t<div class=\"elementor-element elementor-element-5ed7b3a elementor-widget elementor-widget-heading\" data-id=\"5ed7b3a\" data-element_type=\"widget\" data-widget_type=\"heading.default\">\n\t\t\t\t<div class=\"elementor-widget-container\">\n\t\t\t<h5 class=\"elementor-heading-title elementor-size-default\"><a href=\"https:\/\/catastro.6te.net\/index.php\/arequipa\/alberto-diaz\/\">Alberto D\u00edaz<\/a><\/h5>\t\t<\/div>\n\t\t\t\t<\/div>\n\t\t\t\t<\/div>\n\t\t<div class=\"elementor-element elementor-element-267b7de e-con-full e-flex e-con e-child\" data-id=\"267b7de\" data-element_type=\"container\" data-settings=\"{&quot;content_width&quot;:&quot;full&quot;}\">\n\t\t\t\t<div class=\"elementor-element elementor-element-89fac44 elementor-widget elementor-widget-html\" data-id=\"89fac44\" data-element_type=\"widget\" data-widget_type=\"html.default\">\n\t\t\t\t<div class=\"elementor-widget-container\">\n\t\t\t<img decoding=\"async\" src=\"https:\/\/blogger.googleusercontent.com\/img\/b\/R29vZ2xl\/AVvXsEjDVWlw0MMPQoiKD-pRu1-m5nnHhew5zb3_HkHXsS1YZXCkNeYLye2PbORDIXlY9tLMjiTgFsQ0pr47YcoxbqkvJIkjjAIDcNLpCM7F6bqpyn70brOoNHjocLE2mGhW_rHgrQdY5I6P7sf7WiaahMTZVyy8vj7VcAan8L65uy6O8JhsOXsUN3HpULwoVYk\/s768\/Leonardo_Diffusion_XL_Una_ilustracin_digital_de_un_gran_saln_c_1%20(4).jpg\">\t\t<\/div>\n\t\t\t\t<\/div>\n\t\t\t\t<div class=\"elementor-element elementor-element-9b536e6 elementor-widget elementor-widget-heading\" data-id=\"9b536e6\" data-element_type=\"widget\" data-widget_type=\"heading.default\">\n\t\t\t\t<div class=\"elementor-widget-container\">\n\t\t\t<h5 class=\"elementor-heading-title elementor-size-default\"><a href=\"https:\/\/catastro.6te.net\/index.php\/arequipa\/alberto-diaz\/\">Alberto D\u00edaz<\/a><\/h5>\t\t<\/div>\n\t\t\t\t<\/div>\n\t\t\t\t<\/div>\n\t\t\t\t\t<\/div>\n\t\t\t\t<\/div>\n\t\t\t\t\t\t\t<\/div>\n\t\t","protected":false},"excerpt":{"rendered":"<p>Verificadores disponibles en el departamento de Arequipa Alberto D\u00edaz Javier Cabanillas Carlos Arteaga Anibal Razuri Juan Asencio Efrain Quispe Amadeo Mamani Alberto D\u00edaz Alberto D\u00edaz Alberto D\u00edaz Alberto D\u00edaz Alberto D\u00edaz Alberto D\u00edaz Alberto D\u00edaz Alberto D\u00edaz<\/p>\n","protected":false},"author":1,"featured_media":0,"parent":0,"menu_order":0,"comment_status":"closed","ping_status":"closed","template":"elementor_header_footer","meta":{"site-sidebar-layout":"default","site-content-layout":"","ast-site-content-layout":"default","site-content-style":"default","site-sidebar-style":"default","ast-global-header-display":"","ast-banner-title-visibility":"","ast-main-header-display":"","ast-hfb-above-header-display":"","ast-hfb-below-header-display":"","ast-hfb-mobile-header-display":"","site-post-title":"","ast-breadcrumbs-content":"","ast-featured-img":"","footer-sml-layout":"","theme-transparent-header-meta":"default","adv-header-id-meta":"","stick-header-meta":"","header-above-stick-meta":"","header-main-stick-meta":"","header-below-stick-meta":"","astra-migrate-meta-layouts":"set","ast-page-background-enabled":"default","ast-page-background-meta":{"desktop":{"background-color":"var(--ast-global-color-4)","background-image":"","background-repeat":"repeat","background-position":"center center","background-size":"auto","background-attachment":"scroll","background-type":"","background-media":"","overlay-type":"","overlay-color":"","overlay-gradient":""},"tablet":{"background-color":"","background-image":"","background-repeat":"repeat","background-position":"center center","background-size":"auto","background-attachment":"scroll","background-type":"","background-media":"","overlay-type":"","overlay-color":"","overlay-gradient":""},"mobile":{"background-color":"","background-image":"","background-repeat":"repeat","background-position":"center center","background-size":"auto","background-attachment":"scroll","background-type":"","background-media":"","overlay-type":"","overlay-color":"","overlay-gradient":""}},"ast-content-background-meta":{"desktop":{"background-color":"var(--ast-global-color-5)","background-image":"","background-repeat":"repeat","background-position":"center center","background-size":"auto","background-attachment":"scroll","background-type":"","background-media":"","overlay-type":"","overlay-color":"","overlay-gradient":""},"tablet":{"background-color":"var(--ast-global-color-5)","background-image":"","background-repeat":"repeat","background-position":"center center","background-size":"auto","background-attachment":"scroll","background-type":"","background-media":"","overlay-type":"","overlay-color":"","overlay-gradient":""},"mobile":{"background-color":"var(--ast-global-color-5)","background-image":"","background-repeat":"repeat","background-position":"center center","background-size":"auto","background-attachment":"scroll","background-type":"","background-media":"","overlay-type":"","overlay-color":"","overlay-gradient":""}},"footnotes":"","_joinchat":[]},"_links":{"self":[{"href":"https:\/\/catastro.6te.net\/index.php\/wp-json\/wp\/v2\/pages\/206"}],"collection":[{"href":"https:\/\/catastro.6te.net\/index.php\/wp-json\/wp\/v2\/pages"}],"about":[{"href":"https:\/\/catastro.6te.net\/index.php\/wp-json\/wp\/v2\/types\/page"}],"author":[{"embeddable":true,"href":"https:\/\/catastro.6te.net\/index.php\/wp-json\/wp\/v2\/users\/1"}],"replies":[{"embeddable":true,"href":"https:\/\/catastro.6te.net\/index.php\/wp-json\/wp\/v2\/comments?post=206"}],"version-history":[{"count":70,"href":"https:\/\/catastro.6te.net\/index.php\/wp-json\/wp\/v2\/pages\/206\/revisions"}],"predecessor-version":[{"id":1606,"href":"https:\/\/catastro.6te.net\/index.php\/wp-json\/wp\/v2\/pages\/206\/revisions\/1606"}],"wp:attachment":[{"href":"https:\/\/catastro.6te.net\/index.php\/wp-json\/wp\/v2\/media?parent=206"}],"curies":[{"name":"wp","href":"https:\/\/api.w.org\/{rel}","templated":true}]}}