{"id":22,"date":"2023-08-02T09:45:13","date_gmt":"2023-08-02T14:45:13","guid":{"rendered":"http:\/\/catastro.6te.net\/?page_id=22"},"modified":"2025-12-06T13:50:52","modified_gmt":"2025-12-06T18:50:52","slug":"herramientas","status":"publish","type":"page","link":"https:\/\/catastro.6te.net\/index.php\/herramientas\/","title":{"rendered":"Herramientas"},"content":{"rendered":"<ul>\n<li>\n<h3>Biblioteca Registral Digital SUNARP &#8211; (Conocimiento registral gratuito)<\/h3>\n<\/li>\n<\/ul>\n<p style=\"padding-left: 40px;\"><a href=\"https:\/\/biblioteca.sunarp.gob.pe\/\">https:\/\/biblioteca.sunarp.gob.pe\/<\/a><\/p>\n<p style=\"padding-left: 40px;\">Biblioteca digital que ofrece recursos gratuitos sobre derecho registral y registros p\u00fablicos en Per\u00fa.<br \/>\nSu contenido incluye:<br \/>\n<strong>Normativa y Jurisprudencia:<\/strong> Compendios de normas, directivas, acuerdos plenarios del Tribunal Registral y precedentes de observancia obligatoria.<br \/>\n<strong>Publicaciones Institucionales:<\/strong> Informes anuales y documentos de conferencias de la SUNARP.<br \/>\n<strong>Investigaci\u00f3n Acad\u00e9mica:<\/strong> Libros, tesis sobre temas registrales y art\u00edculos de revistas especializadas.<br \/>\nEsta biblioteca es una herramienta \u00fatil para abogados, acad\u00e9micos, estudiantes y cualquier persona interesada en el sistema registral peruano, ya que facilita la investigaci\u00f3n y el acceso a informaci\u00f3n relevante y actualizada.<\/p>\n<ul>\n<li>\n<h3>Capacitaciones SNCP SUNARP &#8211; (Capacitaciones SNCP gratuito)<\/h3>\n<\/li>\n<\/ul>\n<blockquote class=\"wp-embedded-content\" data-secret=\"7VWeSjeWTp\"><p><a href=\"https:\/\/scr.sunarp.gob.pe\/sncp\/\">SNCP<\/a><\/p><\/blockquote>\n<p><iframe class=\"wp-embedded-content\" sandbox=\"allow-scripts\" security=\"restricted\" style=\"position: absolute; clip: rect(1px, 1px, 1px, 1px);\" title=\"\u00abSNCP\u00bb \u2014 Subdirecci\u00f3n de Capacitaci\u00f3n Registral Sunarp\" src=\"https:\/\/scr.sunarp.gob.pe\/sncp\/embed\/#?secret=dn4qcnCDsu#?secret=7VWeSjeWTp\" data-secret=\"7VWeSjeWTp\" width=\"500\" height=\"282\" frameborder=\"0\" marginwidth=\"0\" marginheight=\"0\" scrolling=\"no\"><\/iframe><\/p>\n<ul>\n<li>\n<h3 data-sourcepos=\"5:1-5:68\">Multimaps Desktop: Herramienta Esencial de Mapeo de Escritorio<\/h3>\n<\/li>\n<\/ul>\n<p style=\"padding-left: 40px;\"><a href=\"https:\/\/sourceforge.net\/projects\/multimaps-desktop\/\">https:\/\/sourceforge.net\/projects\/multimaps-desktop\/<\/a><\/p>\n<p style=\"padding-left: 40px;\" data-sourcepos=\"7:1-7:247\"><strong>Multimaps Desktop<\/strong> es un software de mapeo de escritorio <strong>gratuito, minimalista y f\u00e1cil de usar<\/strong>, dise\u00f1ado para simplificar tus necesidades de visualizaci\u00f3n y gesti\u00f3n de mapas. Si trabajas con datos geoespaciales, esta herramienta te permite:<\/p>\n<ul data-sourcepos=\"9:1-13:0\">\n<li data-sourcepos=\"9:1-9:109\"><strong>Importar y visualizar diversos formatos<\/strong>: Abre archivos DWG, DXF, SHP, KML y GeoJSON sin complicaciones.<\/li>\n<li data-sourcepos=\"10:1-10:115\"><strong>Navegar con flexibilidad<\/strong>: Explora tus mapas sobre las plataformas de Bing Maps, Google Maps y OpenStreetMaps.<\/li>\n<li data-sourcepos=\"11:1-11:105\"><strong>Conectividad clave<\/strong>: Soporte b\u00e1sico para servicios WMS (Web Map Services) y ARCGIS Feature Services.<\/li>\n<li data-sourcepos=\"12:1-13:0\"><strong>Precisi\u00f3n de coordenadas<\/strong>: Trabaja f\u00e1cilmente con coordenadas geogr\u00e1ficas y UTM.<\/li>\n<\/ul>\n<p data-sourcepos=\"14:1-14:187\">Desarrollado para Windows y construido con bibliotecas de c\u00f3digo abierto, Multimaps Desktop es la soluci\u00f3n perfecta para quienes buscan una herramienta de mapeo <strong>eficiente y accesible<\/strong>.<\/p>\n<ul>\n<li>\n<h3>Resoluciones emitidas por el Tribunal Registral &#8211; SUNARP<\/h3>\n<\/li>\n<\/ul>\n<p style=\"padding-left: 40px;\"><a href=\"https:\/\/www.sunarp.gob.pe\/TribunalRegistral\/Tresoluciones.asp\" target=\"_blank\" rel=\"noopener\">https:\/\/www.sunarp.gob.pe\/TribunalRegistral\/Tresoluciones.asp<\/a><\/p>\n<ul>\n<li>\n<h3>Servicios en l\u00ednea &#8211; Per\u00fa<\/h3>\n<\/li>\n<\/ul>\n<p style=\"padding-left: 40px;\"><strong>1. L\u00edmites departamentales, distritales, cuencas hidrogr\u00e1ficas, etc.<\/strong><br \/>\n<a href=\"http:\/\/geoservidorperu.minam.gob.pe\/geoservidor\/download.aspx\">http:\/\/geoservidorperu.minam.gob.pe\/geoservidor\/download.aspx<\/a><\/p>\n<p style=\"padding-left: 40px;\"><strong>2. Descarga de im\u00e1genes AsterGDEM (30m)<\/strong><br \/>\n<a href=\"http:\/\/geoservidorperu.minam.gob.pe\/geoservidor\/download_raster.aspx\">http:\/\/geoservidorperu.minam.gob.pe\/geoservidor\/download_raster.aspx<\/a><\/p>\n<p style=\"padding-left: 40px;\"><strong>3. Geolog\u00eda e informaci\u00f3n de miner\u00eda<\/strong><br \/>\n<a href=\"http:\/\/geocatmin.ingemmet.gob.pe\/geocatmin\/\">http:\/\/geocatmin.ingemmet.gob.pe\/geocatmin\/<\/a><\/p>\n<p style=\"padding-left: 40px;\"><strong>4. Informaci\u00f3n medioambiental<\/strong><br \/>\n<a href=\"http:\/\/geoservidor.minam.gob.pe\/recursos\/intercambio-de-datos\/\">http:\/\/geoservidor.minam.gob.pe\/recursos\/intercambio-de-datos\/<\/a><\/p>\n<p style=\"padding-left: 40px;\"><strong>5. Cartas nacionales 1: 100 000<\/strong><br \/>\n<a href=\"http:\/\/sigmed.minedu.gob.pe\/descargas\/#\">http:\/\/sigmed.minedu.gob.pe\/descargas\/#<\/a><\/p>\n<p style=\"padding-left: 40px;\"><strong>6. Mapas y redes viales<\/strong><br \/>\n<a href=\"https:\/\/portal.mtc.gob.pe\/transportes\/caminos\/normas_carreteras\/mapas_viales.html\">https:\/\/portal.mtc.gob.pe\/transportes\/caminos\/normas_carreteras\/mapas_viales.html<\/a><\/p>\n<p style=\"padding-left: 40px;\"><strong>7. Geo portales de Per\u00fa<\/strong><br \/>\n<a href=\"http:\/\/www.geoidep.gob.pe\/servicios-idep\/geoportales\">http:\/\/www.geoidep.gob.pe\/servicios-idep\/geoportales<\/a><\/p>\n<p style=\"padding-left: 40px;\"><strong>8. Servicios WMS<\/strong><br \/>\n<a href=\"http:\/\/www.geoidep.gob.pe\/servicios-idep\/catalogo-nacional-de-servicios-web\/servicios-de-visualizacion-wms\">http:\/\/www.geoidep.gob.pe\/servicios-idep\/catalogo-nacional-de-servicios-web\/servicios-de-visualizacion-wms<\/a><\/p>\n<ul>\n<li>\n<h3><strong>Validaci\u00f3n para Cursos de Capacitaci\u00f3n-SUNARP<\/strong><\/h3>\n<\/li>\n<\/ul>\n<p style=\"padding-left: 40px;\"><a href=\"https:\/\/sga.sunarp.gob.pe\/validar\">https:\/\/sga.sunarp.gob.pe\/validar<\/a><\/p>\n<p style=\"padding-left: 40px;\">Si has llevado un curso de capacitaci\u00f3n de la Sunarp, ahora tus certificados electr\u00f3nicos pueden ser descargados y\/o validados usando el n\u00famero de tu DNI en el siguiente link: https:\/\/sga.sunarp.gob.pe\/validar<\/p>\n<ul>\n<li>\n<h3>Conoce aqu\u00ed SUNARP<\/h3>\n<\/li>\n<\/ul>\n<p style=\"padding-left: 40px;\"><a href=\"https:\/\/conoce-aqui.sunarp.gob.pe\/conoce-aqui\/inicio\">https:\/\/conoce-aqui.sunarp.gob.pe\/conoce-aqui\/inicio<\/a><\/p>\n<p style=\"padding-left: 40px;\">El servicio denominado \u201cCONOCE AQU\u00cd\u201d permite que los usuarios puedan acceder gratuitamente al contenido de las partidas registrales de cualquiera de los registros jur\u00eddicos de la Sunarp, desde el portal web institucional (www.gob.pe\/sunarp), con excepci\u00f3n de aquella informaci\u00f3n que por disposici\u00f3n legal solo pueda ser conocida por el titular registral.<br \/>\nEn atenci\u00f3n a lo expuesto, no se podr\u00e1 acceder al registro de Testamentos, entre otros que, por disposici\u00f3n legal, limiten el acceso a la publicidad registral.<br \/>\nLa informaci\u00f3n que se obtiene por este servicio es referencial y NO constituye publicidad registral, por tanto no tiene valor para tr\u00e1mites administrativos ni judiciales.<\/p>\n<ul>\n<li>\n<h3>Base Gr\u00e1fica Registral-SUNARP<\/h3>\n<\/li>\n<\/ul>\n<p style=\"padding-left: 40px;\">Enlace: <a href=\"https:\/\/visor-bgr.sunarp.gob.pe\/visor-bgr\/inicio\">https:\/\/visor-bgr.sunarp.gob.pe\/visor-bgr\/inicio<\/a><\/p>\n<p style=\"padding-left: 40px;\">La Sunarp pone a disposici\u00f3n de las entidades p\u00fablicas y ciudadan\u00eda en general el Servicio de visualizaci\u00f3n gratuito Base Gr\u00e1fica Registral a fin de acceder al Visor de Mapas de la Sunarp y visualizar los pol\u00edgonos de los predios inscritos e incorporados a la Base Gr\u00e1fica Registral (BGR) en el \u00e1mbito nacional, sobre una imagen satelital o mapa.<\/p>\n<ul>\n<li>\n<h3>M\u00f3dulo inform\u00e1tico denominado SINABIP LIBRE<\/h3>\n<\/li>\n<\/ul>\n<p style=\"padding-left: 40px;\">Enlace: <a href=\"https:\/\/catastro.sbn.gob.pe\/scl\/\">https:\/\/catastro.sbn.gob.pe\/scl\/<\/a><\/p>\n<p style=\"padding-left: 40px;\">La informaci\u00f3n contenida en dicho registro esta en permanente actualizaci\u00f3n, con los datos que cada entidad p\u00fablica corresponde proporcionar, en el marco del Sistema Nacional de Bienes Estatales.<\/p>\n<p style=\"padding-left: 40px;\">La Superintendencia Nacional de Bienes Estatales, pone a disposici\u00f3n de las entidades p\u00fablicas y de la ciudadan\u00eda en general, el m\u00f3dulo inform\u00e1tico denominado SINABIP LIBRE, a trav\u00e9s del cual se permite visualizar la informaci\u00f3n relevante de los predios estatales que se encuentran registrados, con car\u00e1cter administrativo, en el Registro Unico Obligatorio de los Bienes Estatales.<\/p>\n<p style=\"padding-left: 40px;\">La informaci\u00f3n gr\u00e1fica de los predios que se muestran, est\u00e1n referidas al Datum geod\u00e9sico PSAD56 y WGS84 (husos UTM: 17, 18 y 19), las cuales para su visualizaci\u00f3n, han sido transformados al sistema de coordenadas geogr\u00e1ficas WGS84.<\/p>\n<p style=\"padding-left: 40px;\">Cabe resaltar que la invasi\u00f3n y tr\u00e1fico il\u00edcito de terrenos estatales, constituye delito seg\u00fan el C\u00f3digo Penal, sancionado con 5 a 12 a\u00f1os de pena privativa de la libertad.<\/p>\n<ul>\n<li>\n<h3>Observatorio del Agua ANA &#8211; SNIRH<\/h3>\n<\/li>\n<\/ul>\n<p style=\"padding-left: 40px;\"><span style=\"font-size: 16px;\">Enlace: <a href=\"https:\/\/snirh.ana.gob.pe\/observatorioSNIRH\">https:\/\/snirh.ana.gob.pe\/observatorioSNIRH<\/a><\/span><\/p>\n<p style=\"padding-left: 40px;\">Plataforma digital interactiva que recopila informaci\u00f3n hidrica a nivel nacional para una mejor gesti\u00f3n de los recursos h\u00eddricos, tales como estadisticas de la demanda del agua a nivel de cuencas, informaci\u00f3n de proyectos de formalizaci\u00f3n de uso del agua, embalses hist\u00f3rica, data sobre inventarios de pozos con datos detallados y otros.<\/p>\n<ul>\n<li>\n<h3>Catastro &#8211; Geo Llaqta<\/h3>\n<\/li>\n<\/ul>\n<p style=\"padding-left: 30px;\">Enlace:\u00a0<a href=\"https:\/\/catastro.cofopri.gob.pe\/geollaqta\/\">https:\/\/catastro.cofopri.gob.pe\/geollaqta\/<\/a><\/p>\n<p style=\"padding-left: 30px;\">Plataforma \u00fanica de catastro multiprop\u00f3sito accede a informaci\u00f3n fidedigna y actualizada acerca la infraestructura urbana, edificaciones formales e informales, equipamiento urbano, mobiliario urbano y espacios p\u00fablicos ubicados en el \u00e1mbito nacional.<\/p>\n<ul>\n<li>\n<h3>Atlas digital del Per\u00fa<\/h3>\n<\/li>\n<\/ul>\n<p style=\"padding-left: 30px;\">Enlace:\u00a0<a href=\"https:\/\/app4.ign.gob.pe\/capitulos\/siete\/indice.php\">https:\/\/app4.ign.gob.pe\/capitulos\/siete\/indice.php<\/a><\/p>\n<p style=\"padding-left: 30px;\">Informaci\u00f3n de diversa \u00edndole recopilada por el IGN, ente rector de la Cartograf\u00eda en el Per\u00fa, puedes hacerlo a trav\u00e9s del Atlas Digital.<\/p>\n<ul>\n<li>\n<h3>Metabuscador del MINAGRI<\/h3>\n<\/li>\n<\/ul>\n<p style=\"padding-left: 30px;\">Enlace: <a href=\"https:\/\/metabuscador.midagri.gob.pe\/\">https:\/\/metabuscador.midagri.gob.pe\/<\/a><\/p>\n<p style=\"padding-left: 30px;\">Espacio virtual que desde un solo lugar permite acceder a la gran gama de publicaciones bibliogr\u00e1ficas especializadas generadas por las diversas entidades del sector agrario, con \u00f3ptima cantidad de resultados, tales como libros, manuales, fichas t\u00e9cnicas, reportes econ\u00f3micos, estudios y otros. Es adaptable a tel\u00e9fonos celulares, tablets y equipos de c\u00f3mputo.<\/p>\n<ul>\n<li>\n<h3>Servicios WFS para descargar informaci\u00f3n de mapas<\/h3>\n<\/li>\n<\/ul>\n<p style=\"padding-left: 30px;\">Enlace: <a href=\"https:\/\/www.geoidep.gob.pe\/servicios-idep\/servicios-de-publicacion-de-objetos-wfs\">https:\/\/www.geoidep.gob.pe\/servicios-idep\/servicios-de-publicacion-de-objetos-wfs<\/a><\/p>\n<p style=\"padding-left: 30px;\">El servicio Web Feature Service (WFS) o Servicio de publicaci\u00f3n de objetos es un est\u00e1ndar que describe la especificaci\u00f3n de codificaci\u00f3n para datos georreferenciados basados en GML (Geography Markup Language), el cual permite recuperar y modificar datos espaciales en formato vectorial.<\/p>\n<ul>\n<li>\n<h3>SICAR Visor de Mapas<\/h3>\n<\/li>\n<\/ul>\n<p style=\"padding-left: 30px;\">Enlace: <a href=\"https:\/\/georural.midagri.gob.pe\/sicar\/\">https:\/\/georural.midagri.gob.pe\/sicar\/<\/a><\/p>\n<p style=\"padding-left: 30px;\">Plataforma que recopila y consolida la informaci\u00f3n estad\u00edstica agraria de las diferentes dependencias conformantes del sector agrario. Sistema Catastral Rural para Predios Rurales Individuales.<\/p>\n<ul>\n<li>\n<h3>SIGDA | Ministerio de Cultura<\/h3>\n<\/li>\n<\/ul>\n<p style=\"padding-left: 30px;\">Enlace: <a href=\"https:\/\/sigda.cultura.gob.pe\/\">https:\/\/sigda.cultura.gob.pe\/<\/a><\/p>\n<p style=\"padding-left: 30px;\">El SIGDA es la plataforma tecnol\u00f3gica de informaci\u00f3n espacial del Catastro de Monumentos Arqueol\u00f3gicos Prehisp\u00e1nicos a nivel nacional que brinda informaci\u00f3n georreferenciada de calidad.<\/p>\n<ul>\n<li>\n<h3>SIGRID Acceso al Visor de Mapas previo registro<\/h3>\n<\/li>\n<\/ul>\n<p style=\"padding-left: 30px;\">Enlace: <a href=\"http:\/\/sigrid.cenepred.gob.pe\/sigridv3\/\">http:\/\/sigrid.cenepred.gob.pe\/sigridv3\/<\/a><\/p>\n<p style=\"padding-left: 30px;\">Plataforma geoespacial de consulta de informaci\u00f3n oficial y actualizada para la gesti\u00f3n del riesgo de desastres. Conocer el riesgo, los peligros y las vulnerabilidades en nuestro pa\u00eds, es fundamental para gestionar de forma adecuada y oportuna el riesgo de desastres.<\/p>\n<ul>\n<li>\n<h3>SENAMHI Mapa Clim\u00e1tico del Per\u00fa<\/h3>\n<\/li>\n<\/ul>\n<p style=\"padding-left: 30px;\">Enlace: <a href=\"https:\/\/www.senamhi.gob.pe\/?p=mapa-climatico-del-peru\">https:\/\/www.senamhi.gob.pe\/?p=mapa-climatico-del-peru<\/a><\/p>\n<p style=\"padding-left: 30px;\">El Per\u00fa posee 38 tipos climas, seg\u00fan el m\u00e9todo de Clasificaci\u00f3n Clim\u00e1tica de Warren Thornthwaite &#8211; SENAMHI (2020), como resultado de la interacci\u00f3n entre los diferentes factores clim\u00e1ticos que lo afectan y su posici\u00f3n geogr\u00e1fica en el tr\u00f3pico, a la cordillera de los andes, la cual configura una fisiograf\u00eda compleja. Entre los climas de mayor extensi\u00f3n tenemos al \u00e1rido y templado en la costa, lluvioso y frio en la sierra, y muy lluvioso y c\u00e1lido en la selva.<\/p>\n<ul>\n<li>\n<h3>SIEA Sistema Integrado Estad\u00edstica Agraria<\/h3>\n<\/li>\n<\/ul>\n<p style=\"padding-left: 30px;\"><a href=\"https:\/\/siea.midagri.gob.pe\/portal\/gee\/index.html\">https:\/\/siea.midagri.gob.pe\/portal\/gee\/index.html<\/a><\/p>\n<p style=\"padding-left: 30px;\">Herramientas Tecnol\u00f3gicas Satelitales del MIDAGRI.Pone a disposici\u00f3n la plataforma tecnol\u00f3gica de an\u00e1lisis de im\u00e1genes satelitales.<\/p>\n<ul>\n<li>\n<h3>Catastro Rural PSAD56<\/h3>\n<\/li>\n<\/ul>\n<p style=\"padding-left: 30px;\">Enlace: <a href=\"http:\/\/mapas.geoidep.gob.pe\/mapasperu\/?config=viewer_wms&amp;wmsuri=http:\/\/georural.minagri.gob.pe\/geoservicios\/rest\/services\/public\/PSAD56_Cartografia_Rural\/MapServer&amp;wmstitle=Cartografia%20Base%20PSAD56&amp;t=1\">http:\/\/mapas.geoidep.gob.pe\/mapasperu\/?config=viewer_wms&amp;wmsuri=http:\/\/georural.minagri.gob.pe\/geoservicios\/rest\/services\/public\/PSAD56_Cartografia_Rural\/MapServer&amp;wmstitle=Cartografia%20Base%20PSAD56&amp;t=1<\/a><\/p>\n<p style=\"padding-left: 30px;\">Informaci\u00f3n Cartogr\u00e1fica Rural<\/p>\n<ul>\n<li>\n<h3>Visor Geo Per\u00fa<\/h3>\n<\/li>\n<\/ul>\n<p style=\"padding-left: 30px;\">Enlace: <a href=\"https:\/\/visor.geoperu.gob.pe\/\">https:\/\/visor.geoperu.gob.pe\/<\/a><\/p>\n<p style=\"padding-left: 30px;\">Plataforma Nacional de Datos Georeferenciados Geo Per\u00fa<\/p>\n<ul>\n<li>\n<h3>GEODIR<\/h3>\n<\/li>\n<\/ul>\n<p style=\"padding-left: 30px;\"><a href=\"https:\/\/maps.geodir.co\/\">https:\/\/maps.geodir.co\/<\/a><\/p>\n<p style=\"padding-left: 30px;\">Servicios de Mapas<\/p>\n<ul>\n<li>\n<h3>GISEM<\/h3>\n<\/li>\n<\/ul>\n<p style=\"padding-left: 30px;\"><a href=\"https:\/\/gisem.osinergmin.gob.pe\/\">https:\/\/gisem.osinergmin.gob.pe\/<\/a><\/p>\n<p style=\"padding-left: 30px;\">Mapa Energ\u00e9tico de Osinergmin<\/p>\n<ul>\n<li>\n<h3>SIGMED<\/h3>\n<\/li>\n<\/ul>\n<p style=\"padding-left: 30px;\"><a href=\"http:\/\/sigmed.minedu.gob.pe\/mapaeducativo\/\">http:\/\/sigmed.minedu.gob.pe\/mapaeducativo\/<\/a><\/p>\n<p style=\"padding-left: 30px;\">Mapa de Colegios P\u00fablicos y Privados<\/p>\n<ul>\n<li>\n<h3>GEO ANP<\/h3>\n<\/li>\n<\/ul>\n<p style=\"padding-left: 30px;\"><a href=\"https:\/\/geo.sernanp.gob.pe\/visorsernanp\/\">https:\/\/geo.sernanp.gob.pe\/visorsernanp\/<\/a><\/p>\n<p style=\"padding-left: 30px;\">Visor de las \u00c1reas Naturales Protegidas<\/p>\n<ul>\n<li>\n<h3>GeoSINIA<\/h3>\n<\/li>\n<\/ul>\n<p style=\"padding-left: 30px;\"><a href=\"https:\/\/sinia.minam.gob.pe\/visor\/?token=df31e23a3b524803dcf6ee57a60349c6\">https:\/\/sinia.minam.gob.pe\/visor\/?token=df31e23a3b524803dcf6ee57a60349c6<\/a><\/p>\n<p style=\"padding-left: 30px;\">Sistema Nacional de Informaci\u00f3n Ambiental<\/p>\n<ul>\n<li>\n<h3>GEOGPSPERU<\/h3>\n<\/li>\n<\/ul>\n<p style=\"padding-left: 30px;\"><a href=\"https:\/\/geogpsperu.github.io\/campesinasnativas.github.com\/#5\/-9.904\/-74.048\">https:\/\/geogpsperu.github.io\/campesinasnativas.github.com\/#5\/-9.904\/-74.048<\/a><\/p>\n<p style=\"padding-left: 30px;\">Mapa Comunidades Campesinas<\/p>\n<ul>\n<li>\n<h3>GEOSERFOR<\/h3>\n<\/li>\n<\/ul>\n<p style=\"padding-left: 30px;\"><a href=\"https:\/\/geo.serfor.gob.pe\/visor\/\">https:\/\/geo.serfor.gob.pe\/visor\/<\/a><\/p>\n<p style=\"padding-left: 30px;\">Servicio Nacional Forestal y Fauna Silvestre<\/p>\n","protected":false},"excerpt":{"rendered":"<p>Biblioteca Registral Digital SUNARP &#8211; (Conocimiento registral gratuito) https:\/\/biblioteca.sunarp.gob.pe\/ Biblioteca digital que ofrece recursos gratuitos sobre derecho registral y registros p\u00fablicos en Per\u00fa. Su contenido incluye: Normativa y Jurisprudencia: Compendios de normas, directivas, acuerdos plenarios del Tribunal Registral y precedentes de observancia obligatoria. Publicaciones Institucionales: Informes anuales y documentos de conferencias de la SUNARP. Investigaci\u00f3n &hellip;<\/p>\n<p class=\"read-more\"> <a class=\"\" href=\"https:\/\/catastro.6te.net\/index.php\/herramientas\/\"> <span class=\"screen-reader-text\">Herramientas<\/span> Read More &raquo;<\/a><\/p>\n","protected":false},"author":1,"featured_media":0,"parent":0,"menu_order":0,"comment_status":"closed","ping_status":"closed","template":"","meta":{"site-sidebar-layout":"default","site-content-layout":"","ast-site-content-layout":"default","site-content-style":"default","site-sidebar-style":"default","ast-global-header-display":"","ast-banner-title-visibility":"","ast-main-header-display":"","ast-hfb-above-header-display":"","ast-hfb-below-header-display":"","ast-hfb-mobile-header-display":"","site-post-title":"","ast-breadcrumbs-content":"","ast-featured-img":"","footer-sml-layout":"","theme-transparent-header-meta":"default","adv-header-id-meta":"","stick-header-meta":"","header-above-stick-meta":"","header-main-stick-meta":"","header-below-stick-meta":"","astra-migrate-meta-layouts":"set","ast-page-background-enabled":"default","ast-page-background-meta":{"desktop":{"background-color":"var(--ast-global-color-4)","background-image":"","background-repeat":"repeat","background-position":"center center","background-size":"auto","background-attachment":"scroll","background-type":"","background-media":"","overlay-type":"","overlay-color":"","overlay-gradient":""},"tablet":{"background-color":"","background-image":"","background-repeat":"repeat","background-position":"center center","background-size":"auto","background-attachment":"scroll","background-type":"","background-media":"","overlay-type":"","overlay-color":"","overlay-gradient":""},"mobile":{"background-color":"","background-image":"","background-repeat":"repeat","background-position":"center center","background-size":"auto","background-attachment":"scroll","background-type":"","background-media":"","overlay-type":"","overlay-color":"","overlay-gradient":""}},"ast-content-background-meta":{"desktop":{"background-color":"var(--ast-global-color-5)","background-image":"","background-repeat":"repeat","background-position":"center center","background-size":"auto","background-attachment":"scroll","background-type":"","background-media":"","overlay-type":"","overlay-color":"","overlay-gradient":""},"tablet":{"background-color":"var(--ast-global-color-5)","background-image":"","background-repeat":"repeat","background-position":"center center","background-size":"auto","background-attachment":"scroll","background-type":"","background-media":"","overlay-type":"","overlay-color":"","overlay-gradient":""},"mobile":{"background-color":"var(--ast-global-color-5)","background-image":"","background-repeat":"repeat","background-position":"center center","background-size":"auto","background-attachment":"scroll","background-type":"","background-media":"","overlay-type":"","overlay-color":"","overlay-gradient":""}},"footnotes":"","_joinchat":[]},"_links":{"self":[{"href":"https:\/\/catastro.6te.net\/index.php\/wp-json\/wp\/v2\/pages\/22"}],"collection":[{"href":"https:\/\/catastro.6te.net\/index.php\/wp-json\/wp\/v2\/pages"}],"about":[{"href":"https:\/\/catastro.6te.net\/index.php\/wp-json\/wp\/v2\/types\/page"}],"author":[{"embeddable":true,"href":"https:\/\/catastro.6te.net\/index.php\/wp-json\/wp\/v2\/users\/1"}],"replies":[{"embeddable":true,"href":"https:\/\/catastro.6te.net\/index.php\/wp-json\/wp\/v2\/comments?post=22"}],"version-history":[{"count":29,"href":"https:\/\/catastro.6te.net\/index.php\/wp-json\/wp\/v2\/pages\/22\/revisions"}],"predecessor-version":[{"id":2181,"href":"https:\/\/catastro.6te.net\/index.php\/wp-json\/wp\/v2\/pages\/22\/revisions\/2181"}],"wp:attachment":[{"href":"https:\/\/catastro.6te.net\/index.php\/wp-json\/wp\/v2\/media?parent=22"}],"curies":[{"name":"wp","href":"https:\/\/api.w.org\/{rel}","templated":true}]}}