{"id":26,"date":"2023-08-02T09:46:05","date_gmt":"2023-08-02T14:46:05","guid":{"rendered":"http:\/\/catastro.6te.net\/?page_id=26"},"modified":"2023-12-28T00:48:15","modified_gmt":"2023-12-28T05:48:15","slug":"cursos-tutoriales","status":"publish","type":"page","link":"https:\/\/catastro.6te.net\/index.php\/cursos-tutoriales\/","title":{"rendered":"Cursos-Tutoriales"},"content":{"rendered":"<p>Cursos, Conferencias, Videos, Manuales, Instructivos, Enlaces, etc.<\/p>\n<p>&#8212;&#8212;&#8212;&#8212;&#8212;&#8212;&#8212;&#8212;&#8212;&#8212;&#8212;&#8212;&#8212;&#8212;&#8212;&#8212;&#8212;&#8212;&#8212;&#8212;&#8212;&#8212;&#8212;&#8212;&#8212;&#8212;&#8211;<\/p>\n<p><strong>Curso:<\/strong><br \/>\nEl Primer Curso para Verificadores Catastrales 2014 denominado \u201cCatastro Multifinalitario\u201d que tendr\u00e1 una duraci\u00f3n de 15 horas lectivas, y el temario ser\u00e1 desarrollado por profesionales expertos nacionales e internacionales quienes expondr\u00e1n los procedimientos en la generaci\u00f3n de cartograf\u00eda catastral urbana y rural; y saneamiento catastral registral en el Registro de Predios.<\/p>\n<p>Fuente: Intenet p\u00e1gina COFOPRI <a href=\"https:\/\/cursosncp.cofopri.gob.pe\/ponencias.php\" target=\"_blank\" rel=\"noopener\">PONENCIAS<\/a>\u00a0 <a href=\"https:\/\/cursosncp.cofopri.gob.pe\/ponencias1curso\/\" target=\"_blank\" rel=\"noopener\">CONTENIDO<\/a><\/p>\n","protected":false},"excerpt":{"rendered":"<p>Cursos, Conferencias, Videos, Manuales, Instructivos, Enlaces, etc. &#8212;&#8212;&#8212;&#8212;&#8212;&#8212;&#8212;&#8212;&#8212;&#8212;&#8212;&#8212;&#8212;&#8212;&#8212;&#8212;&#8212;&#8212;&#8212;&#8212;&#8212;&#8212;&#8212;&#8212;&#8212;&#8212;&#8211; Curso: El Primer Curso para Verificadores Catastrales 2014 denominado \u201cCatastro Multifinalitario\u201d que tendr\u00e1 una duraci\u00f3n de 15 horas lectivas, y el temario ser\u00e1 desarrollado por profesionales expertos nacionales e internacionales quienes expondr\u00e1n los procedimientos en la generaci\u00f3n de cartograf\u00eda catastral urbana y rural; y saneamiento catastral registral &hellip;<\/p>\n<p class=\"read-more\"> <a class=\"\" href=\"https:\/\/catastro.6te.net\/index.php\/cursos-tutoriales\/\"> <span class=\"screen-reader-text\">Cursos-Tutoriales<\/span> Read More &raquo;<\/a><\/p>\n","protected":false},"author":1,"featured_media":0,"parent":0,"menu_order":0,"comment_status":"closed","ping_status":"closed","template":"","meta":{"site-sidebar-layout":"default","site-content-layout":"","ast-site-content-layout":"default","site-content-style":"default","site-sidebar-style":"default","ast-global-header-display":"","ast-banner-title-visibility":"","ast-main-header-display":"","ast-hfb-above-header-display":"","ast-hfb-below-header-display":"","ast-hfb-mobile-header-display":"","site-post-title":"","ast-breadcrumbs-content":"","ast-featured-img":"","footer-sml-layout":"","theme-transparent-header-meta":"default","adv-header-id-meta":"","stick-header-meta":"","header-above-stick-meta":"","header-main-stick-meta":"","header-below-stick-meta":"","astra-migrate-meta-layouts":"set","ast-page-background-enabled":"default","ast-page-background-meta":{"desktop":{"background-color":"var(--ast-global-color-4)","background-image":"","background-repeat":"repeat","background-position":"center center","background-size":"auto","background-attachment":"scroll","background-type":"","background-media":"","overlay-type":"","overlay-color":"","overlay-gradient":""},"tablet":{"background-color":"","background-image":"","background-repeat":"repeat","background-position":"center center","background-size":"auto","background-attachment":"scroll","background-type":"","background-media":"","overlay-type":"","overlay-color":"","overlay-gradient":""},"mobile":{"background-color":"","background-image":"","background-repeat":"repeat","background-position":"center center","background-size":"auto","background-attachment":"scroll","background-type":"","background-media":"","overlay-type":"","overlay-color":"","overlay-gradient":""}},"ast-content-background-meta":{"desktop":{"background-color":"var(--ast-global-color-5)","background-image":"","background-repeat":"repeat","background-position":"center center","background-size":"auto","background-attachment":"scroll","background-type":"","background-media":"","overlay-type":"","overlay-color":"","overlay-gradient":""},"tablet":{"background-color":"var(--ast-global-color-5)","background-image":"","background-repeat":"repeat","background-position":"center center","background-size":"auto","background-attachment":"scroll","background-type":"","background-media":"","overlay-type":"","overlay-color":"","overlay-gradient":""},"mobile":{"background-color":"var(--ast-global-color-5)","background-image":"","background-repeat":"repeat","background-position":"center center","background-size":"auto","background-attachment":"scroll","background-type":"","background-media":"","overlay-type":"","overlay-color":"","overlay-gradient":""}},"footnotes":"","_joinchat":[]},"_links":{"self":[{"href":"https:\/\/catastro.6te.net\/index.php\/wp-json\/wp\/v2\/pages\/26"}],"collection":[{"href":"https:\/\/catastro.6te.net\/index.php\/wp-json\/wp\/v2\/pages"}],"about":[{"href":"https:\/\/catastro.6te.net\/index.php\/wp-json\/wp\/v2\/types\/page"}],"author":[{"embeddable":true,"href":"https:\/\/catastro.6te.net\/index.php\/wp-json\/wp\/v2\/users\/1"}],"replies":[{"embeddable":true,"href":"https:\/\/catastro.6te.net\/index.php\/wp-json\/wp\/v2\/comments?post=26"}],"version-history":[{"count":8,"href":"https:\/\/catastro.6te.net\/index.php\/wp-json\/wp\/v2\/pages\/26\/revisions"}],"predecessor-version":[{"id":739,"href":"https:\/\/catastro.6te.net\/index.php\/wp-json\/wp\/v2\/pages\/26\/revisions\/739"}],"wp:attachment":[{"href":"https:\/\/catastro.6te.net\/index.php\/wp-json\/wp\/v2\/media?parent=26"}],"curies":[{"name":"wp","href":"https:\/\/api.w.org\/{rel}","templated":true}]}}