{"id":5,"date":"2023-08-02T02:43:09","date_gmt":"2023-08-02T07:43:09","guid":{"rendered":"http:\/\/catastro.6te.net\/?page_id=5"},"modified":"2023-12-31T17:14:46","modified_gmt":"2023-12-31T22:14:46","slug":"catastro","status":"publish","type":"page","link":"https:\/\/catastro.6te.net\/index.php\/catastro\/","title":{"rendered":"Catastro"},"content":{"rendered":"<p><strong>Catastro<\/strong><\/p>\n<p>Censo y padr\u00f3n estad\u00edstico de los bienes ra\u00edces urbanos y rurales de una poblaci\u00f3n.<\/p>\n<p><strong>Catastro de Predios \u2013 Seg\u00fan la\u00a0<a href=\"https:\/\/www.leyes.congreso.gob.pe\/Documentos\/Leyes\/28294.pdf\" target=\"_blank\" rel=\"noopener\">Ley N\u00b0 28294<\/a><\/strong><br \/>\nEs un inventario f\u00edsico de los predios orientado a un uso multiprop\u00f3sito y se encuentra constituido por la suma de predios continuos que conforman el territorio de la Rep\u00fablica, a los cuales se le asigna un C\u00f3digo \u00danico Catastral (CUC) con referencia al titular o titulares con derecho de propiedad del predio.<\/p>\n<p><strong>Titular catastral: <\/strong><a href=\"https:\/\/sncp.gob.pe\/wp-content\/uploads\/2022\/11\/Decreto-Supremo-N%C2%B0-005_2006_JUS.pdf\">Reglamento de la Ley Nro 28294<\/a>, Aprobada por el Decreto Supremo N\u00ba 005-2006-JUS<\/p>\n<p>Por regla general se considerar\u00e1 como tal a quien ostente el derecho de propiedad. Sin embargo, en los casos en que no sea posible identificar al propietario, podr\u00e1 figurar como titular catastral el poseedor del predio, indicando con qu\u00e9 calidad ejerce la posesi\u00f3n.<br \/>\nEn el caso de existir un r\u00e9gimen de cotitularidad, se debe indicar expresamente el porcentaje de participaci\u00f3n de cada uno de los cotitulares catastrales.<\/p>\n<p>Relamento de la Ley Nro 28294, Aprobada por el Decreto Supremo N\u00ba 005-2006-JUS<\/p>\n<ul>\n<li>\n<h3><a href=\"http:\/\/catastro.6te.net\/?page_id=20\">Normativa<\/a><\/h3>\n<\/li>\n<\/ul>\n<p>Normativa vigente como Leyes, resoluciones, directivas, anexos, etc.<\/p>\n<ul>\n<li>\n<h3><a href=\"http:\/\/catastro.6te.net\/?page_id=22\">Herramientas digitales<\/a><\/h3>\n<\/li>\n<\/ul>\n<p>Herramientas digitales disponibles para temas catastrales.<\/p>\n<ul>\n<li>\n<h3><a href=\"http:\/\/catastro.6te.net\/?page_id=24\">Compendio y aportes<\/a><\/h3>\n<\/li>\n<\/ul>\n<p>Compilado de archivos digitales referentes a Leyes, normativa, resoluciones, directivas, aportes, drive, etc.<\/p>\n<ul>\n<li>\n<h3><a href=\"http:\/\/catastro.6te.net\/index.php\/cursos-tutoriales\">Cursos-Tutoriales<\/a><\/h3>\n<\/li>\n<\/ul>\n<p>Cursos, Conferencias, Videos, Manuales, Instructivos, Enlaces, etc.<\/p>\n<ul>\n<li>\n<h3><strong><a href=\"http:\/\/catastro.6te.net\/?page_id=122\">Otros<\/a><\/strong><\/h3>\n<\/li>\n<\/ul>\n<p>Utilitarios, formularios, encuestas, registros, foros, redes sociales, links, otros, etc.<\/p>\n","protected":false},"excerpt":{"rendered":"<p>Catastro Censo y padr\u00f3n estad\u00edstico de los bienes ra\u00edces urbanos y rurales de una poblaci\u00f3n. Catastro de Predios \u2013 Seg\u00fan la\u00a0Ley N\u00b0 28294 Es un inventario f\u00edsico de los predios orientado a un uso multiprop\u00f3sito y se encuentra constituido por la suma de predios continuos que conforman el territorio de la Rep\u00fablica, a los cuales &hellip;<\/p>\n<p class=\"read-more\"> <a class=\"\" href=\"https:\/\/catastro.6te.net\/index.php\/catastro\/\"> <span class=\"screen-reader-text\">Catastro<\/span> Read More &raquo;<\/a><\/p>\n","protected":false},"author":1,"featured_media":0,"parent":0,"menu_order":0,"comment_status":"closed","ping_status":"closed","template":"","meta":{"site-sidebar-layout":"default","site-content-layout":"","ast-site-content-layout":"default","site-content-style":"default","site-sidebar-style":"default","ast-global-header-display":"","ast-banner-title-visibility":"","ast-main-header-display":"","ast-hfb-above-header-display":"","ast-hfb-below-header-display":"","ast-hfb-mobile-header-display":"","site-post-title":"","ast-breadcrumbs-content":"","ast-featured-img":"","footer-sml-layout":"","theme-transparent-header-meta":"default","adv-header-id-meta":"","stick-header-meta":"","header-above-stick-meta":"","header-main-stick-meta":"","header-below-stick-meta":"","astra-migrate-meta-layouts":"set","ast-page-background-enabled":"default","ast-page-background-meta":{"desktop":{"background-color":"var(--ast-global-color-4)","background-image":"","background-repeat":"repeat","background-position":"center center","background-size":"auto","background-attachment":"scroll","background-type":"","background-media":"","overlay-type":"","overlay-color":"","overlay-gradient":""},"tablet":{"background-color":"","background-image":"","background-repeat":"repeat","background-position":"center center","background-size":"auto","background-attachment":"scroll","background-type":"","background-media":"","overlay-type":"","overlay-color":"","overlay-gradient":""},"mobile":{"background-color":"","background-image":"","background-repeat":"repeat","background-position":"center center","background-size":"auto","background-attachment":"scroll","background-type":"","background-media":"","overlay-type":"","overlay-color":"","overlay-gradient":""}},"ast-content-background-meta":{"desktop":{"background-color":"var(--ast-global-color-5)","background-image":"","background-repeat":"repeat","background-position":"center center","background-size":"auto","background-attachment":"scroll","background-type":"","background-media":"","overlay-type":"","overlay-color":"","overlay-gradient":""},"tablet":{"background-color":"var(--ast-global-color-5)","background-image":"","background-repeat":"repeat","background-position":"center center","background-size":"auto","background-attachment":"scroll","background-type":"","background-media":"","overlay-type":"","overlay-color":"","overlay-gradient":""},"mobile":{"background-color":"var(--ast-global-color-5)","background-image":"","background-repeat":"repeat","background-position":"center center","background-size":"auto","background-attachment":"scroll","background-type":"","background-media":"","overlay-type":"","overlay-color":"","overlay-gradient":""}},"footnotes":"","_joinchat":[]},"_links":{"self":[{"href":"https:\/\/catastro.6te.net\/index.php\/wp-json\/wp\/v2\/pages\/5"}],"collection":[{"href":"https:\/\/catastro.6te.net\/index.php\/wp-json\/wp\/v2\/pages"}],"about":[{"href":"https:\/\/catastro.6te.net\/index.php\/wp-json\/wp\/v2\/types\/page"}],"author":[{"embeddable":true,"href":"https:\/\/catastro.6te.net\/index.php\/wp-json\/wp\/v2\/users\/1"}],"replies":[{"embeddable":true,"href":"https:\/\/catastro.6te.net\/index.php\/wp-json\/wp\/v2\/comments?post=5"}],"version-history":[{"count":31,"href":"https:\/\/catastro.6te.net\/index.php\/wp-json\/wp\/v2\/pages\/5\/revisions"}],"predecessor-version":[{"id":1203,"href":"https:\/\/catastro.6te.net\/index.php\/wp-json\/wp\/v2\/pages\/5\/revisions\/1203"}],"wp:attachment":[{"href":"https:\/\/catastro.6te.net\/index.php\/wp-json\/wp\/v2\/media?parent=5"}],"curies":[{"name":"wp","href":"https:\/\/api.w.org\/{rel}","templated":true}]}}